{"id":20182,"date":"2023-04-11T17:16:36","date_gmt":"2023-04-11T15:16:36","guid":{"rendered":"https:\/\/design.awards.verallia.fr\/?page_id=20182"},"modified":"2023-08-16T14:52:00","modified_gmt":"2023-08-16T12:52:00","slug":"2010-edition","status":"publish","type":"page","link":"https:\/\/design.awards.verallia.fr\/en\/previous-editions\/2010-edition\/","title":{"rendered":"2010"},"content":{"rendered":"\t\t<div data-elementor-type=\"wp-page\" data-elementor-id=\"20182\" class=\"elementor elementor-20182 elementor-23\" data-elementor-post-type=\"page\">\n\t\t\t\t<div class=\"elementor-element elementor-element-561bb9d e-flex e-con-boxed e-con e-parent\" data-id=\"561bb9d\" data-element_type=\"container\" data-e-type=\"container\">\n\t\t\t\t\t<div class=\"e-con-inner\">\n\t\t\t\t<div class=\"elementor-element elementor-element-6f9d5f0 elementor-blockquote--skin-clean elementor-blockquote--align-center elementor-widget__width-initial elementor-widget elementor-widget-blockquote\" data-id=\"6f9d5f0\" data-element_type=\"widget\" data-e-type=\"widget\" data-widget_type=\"blockquote.default\">\n\t\t\t\t<div class=\"elementor-widget-container\">\n\t\t\t\t\t\t\t<blockquote class=\"elementor-blockquote\">\n\t\t\t<p class=\"elementor-blockquote__content\">\n\t\t\t\t\u201cImagine your glass bottle\u201d\t\t\t<\/p>\n\t\t\t\t\t<\/blockquote>\n\t\t\t\t\t\t<\/div>\n\t\t\t\t<\/div>\n\t\t\t\t\t<\/div>\n\t\t\t\t<\/div>\n\t\t<div class=\"elementor-element elementor-element-e9ef726 e-flex e-con-boxed e-con e-parent\" data-id=\"e9ef726\" data-element_type=\"container\" data-e-type=\"container\">\n\t\t\t\t\t<div class=\"e-con-inner\">\n\t\t\t\t<div class=\"elementor-element elementor-element-bb2b7fc elementor-widget elementor-widget-heading\" data-id=\"bb2b7fc\" data-element_type=\"widget\" data-e-type=\"widget\" data-widget_type=\"heading.default\">\n\t\t\t\t<div class=\"elementor-widget-container\">\n\t\t\t\t\t<h2 class=\"elementor-heading-title elementor-size-default\">The winners<\/h2>\t\t\t\t<\/div>\n\t\t\t\t<\/div>\n\t\t\t\t\t<\/div>\n\t\t\t\t<\/div>\n\t\t<div class=\"elementor-element elementor-element-bbe22f3 e-con-full e-flex e-con e-parent\" data-id=\"bbe22f3\" data-element_type=\"container\" data-e-type=\"container\">\n\t\t\t\t<div class=\"elementor-element elementor-element-4aaae6d laureats elementor-widget elementor-widget-ucaddon_card_carousel\" data-id=\"4aaae6d\" data-element_type=\"widget\" data-e-type=\"widget\" data-widget_type=\"ucaddon_card_carousel.default\">\n\t\t\t\t<div class=\"elementor-widget-container\">\n\t\t\t\t\t\n<!-- start Card Carousel -->\n\t\t<link id='font-awesome-css' href='https:\/\/design.awards.verallia.fr\/wp-content\/plugins\/unlimited-elements-for-elementor-premium\/assets_libraries\/font-awesome6\/fontawesome-all.min.css' type='text\/css' rel='stylesheet' >\n\t\t<link id='font-awesome-4-shim-css' href='https:\/\/design.awards.verallia.fr\/wp-content\/plugins\/unlimited-elements-for-elementor-premium\/assets_libraries\/font-awesome6\/fontawesome-v4-shims.min.css' type='text\/css' rel='stylesheet' >\n\t\t<link id='owl-carousel-css' href='https:\/\/design.awards.verallia.fr\/wp-content\/plugins\/unlimited-elements-for-elementor-premium\/assets_libraries\/owl-carousel-new\/assets\/owl.carousel.css' type='text\/css' rel='stylesheet' >\n\n<style>\/* widget: Card Carousel *\/\n\n#uc_card_carousel_elementor_4aaae6d-wrapper\n{\n  min-height:1px;\n}\n#uc_card_carousel_elementor_4aaae6d *{\n\t-webkit-box-sizing: border-box;\n\t-moz-box-sizing: border-box;\n\tbox-sizing: border-box;\n}\n\n#uc_card_carousel_elementor_4aaae6d .ue-carousel-item\n{\n  overflow:hidden;\n  transition:0.3s;\n}\n\n#uc_card_carousel_elementor_4aaae6d .uc_classic_carousel_container_holder\n{\n\tdisplay:block;\n\tposition:relative;\n\twidth:100%;\n    box-sizing: border-box;\n}\n.card_carousel_title\n{\n\tfont-size:21px;\n}\n\n.uc_classic_carousel .uc_classic_carousel_border\n{\n\tdisplay:block;\n    margin:0 auto;\n}\n.uc_classic_carousel  .uc_classic_carousel_placeholder\n{\n  transition: all 0.5s ease-in-out;\n}\n.uc_classic_carousel  .uc_classic_carousel_placeholder img\n{\n\twidth:100%;\n    \n    display:inline-flex;\n}\n.uc_classic_carousel  .uc_classic_carousel_placeholder .image_rollover\n{\n\twidth:100%;\n    \n    display:inline-flex;\n    opacity: 0;\n  position:absolute;\n  left:0;\n  transition: opacity 0.5s ease-in-out;\n}\n.uc_classic_carousel  .uc_classic_carousel_placeholder:hover .image_rollover\n{\n    opacity: 1;\n}\n.uc_classic_carousel  .uc_classic_carousel_placeholder:hover\n{\n  \n}\n.uc_classic_carousel .uc_classic_carousel_content\n{\n  display: flex;\n flex-flow: column nowrap;\n}\n\n.uc_classic_carousel .ue_button\n{\n  margin-top:auto;\n\n}\n\n.uc_classic_carousel .uc_classic_carousel_content .uc_more_btn {\n\tdisplay:inline-block;\n\ttext-decoration:none;\n\ttransition: all 0.5s ease;\n}\n\n\n#uc_card_carousel_elementor_4aaae6d .owl-dots {\noverflow:hidden;\ntext-align:left;\n}\n\n#uc_card_carousel_elementor_4aaae6d .owl-dot {\nborder-radius:50%;\ndisplay:inline-block;\n}\n\n#uc_card_carousel_elementor_4aaae6d .owl-nav .owl-prev{\n    position:absolute;\n    display:inline-block;\n    text-align:center;\n}\n#uc_card_carousel_elementor_4aaae6d .owl-nav .owl-next{\n  position:absolute;\n  display:inline-block;\n  text-align:center;\n}\n\n#uc_card_carousel_elementor_4aaae6d .owl-nav .disabled\n{\n    display: none;  \n}\n\n\n#uc_card_carousel_elementor_4aaae6d .ue-item-icon\n{\n  line-height:1em;\n  display:inline-flex;\n  justify-content:center;\n  align-items:center;\n  \n}\n\n#uc_card_carousel_elementor_4aaae6d .ue-item-icon svg\n{\n  height:1em;\n  width:1em;\n}\n\n#uc_card_carousel_elementor_4aaae6d .ue-item-icon-wrapper\n{\n  display:flex;\n}\n\n\n\n\n<\/style>\n\n<div class=\"uc_classic_carousel\" id=\"uc_card_carousel_elementor_4aaae6d-wrapper\">\n        <div class=\"uc_carousel owl-carousel uc-items-wrapper  \" id=\"uc_card_carousel_elementor_4aaae6d\"  >\n          \t<div class=\"uc_classic_carousel_container_holder ue-item elementor-repeater-item-deae732\">\n  <div class=\"ue-carousel-item\">\n      <div class=\"uc_classic_carousel_placeholder\">\n          <img fetchpriority=\"high\" decoding=\"async\"  class=\"image_rollout\" src=\"https:\/\/design.awards.verallia.fr\/wp-content\/uploads\/2023\/05\/ProjetLaureat2010-1.jpg\"  src=\"https:\/\/design.awards.verallia.fr\/wp-content\/uploads\/2023\/05\/ProjetLaureat2010-1.jpg\" alt=\"Bouteille design 2010 prim\u00e9s au Verallia design awards\" width=\"500\" height=\"500\">\n            <\/div>\n    <div class=\"uc_classic_carousel_content\" style=\"direction:ltr;\">\n    \n    \n        \n          \t\n      <div  class=\"card_carousel_title\">ZUPPA<\/div>\n          \t\n    \n      \n    <p class=\"card_carousel_text\">Aline Le Normand<br>2nd prize\n<br><a href=\"http:\/\/alinelenormand.com\/\" target=\"_blank\"><i class=\"fas fa-globe\"><\/i><\/a><\/p>    \n    \n    \t\n    \n    \n    \t\n  <\/div>\n  <\/div>\n<\/div>\n<div class=\"uc_classic_carousel_container_holder ue-item elementor-repeater-item-990e130\">\n  <div class=\"ue-carousel-item\">\n      <div class=\"uc_classic_carousel_placeholder\">\n          <img decoding=\"async\"  class=\"image_rollout\" src=\"https:\/\/design.awards.verallia.fr\/wp-content\/uploads\/2023\/05\/ProjetLaureat2010-2.jpg\"  src=\"https:\/\/design.awards.verallia.fr\/wp-content\/uploads\/2023\/05\/ProjetLaureat2010-2.jpg\" alt=\"Bouteille design 2010 prim\u00e9s au Verallia design awards\" width=\"500\" height=\"500\">\n            <\/div>\n    <div class=\"uc_classic_carousel_content\" style=\"direction:ltr;\">\n    \n    \n        \n          \t\n      <div  class=\"card_carousel_title\">LE SALUT DE LA BOUTEILLE<\/div>\n          \t\n    \n      \n    <p class=\"card_carousel_text\">Jimmy Robin<br>3rd prize<br>\n<a href=\"https:\/\/www.linkedin.com\/in\/jimmy-robin-13987980\/\" target=\"_blank\"><i class=\"fab fa-linkedin-in\"><\/i><\/a><\/p>    \n    \n    \t\n    \n    \n    \t\n  <\/div>\n  <\/div>\n<\/div>\n<div class=\"uc_classic_carousel_container_holder ue-item elementor-repeater-item-991c812\">\n  <div class=\"ue-carousel-item\">\n      <div class=\"uc_classic_carousel_placeholder\">\n          <img decoding=\"async\"  class=\"image_rollout\" src=\"https:\/\/design.awards.verallia.fr\/wp-content\/uploads\/2023\/05\/ProjetLaureat2010-5.jpg\"  src=\"https:\/\/design.awards.verallia.fr\/wp-content\/uploads\/2023\/05\/ProjetLaureat2010-5.jpg\" alt=\"Bouteille design 2010 prim\u00e9s au Verallia design awards\" width=\"500\" height=\"500\">\n            <\/div>\n    <div class=\"uc_classic_carousel_content\" style=\"direction:ltr;\">\n    \n    \n        \n          \t\n      <div  class=\"card_carousel_title\">SO WHAT ?<\/div>\n          \t\n    \n      \n    <p class=\"card_carousel_text\">Philippe Frouin<br>Jury's favorite\n<br>\n<a href=\"https:\/\/www.linkedin.com\/in\/philippefrouin\/\" target=\"_blank\"><i class=\"fab fa-linkedin-in\"><\/i><\/a><\/p>    \n    \n    \t\n    \n    \n    \t\n  <\/div>\n  <\/div>\n<\/div>\n<div class=\"uc_classic_carousel_container_holder ue-item elementor-repeater-item-e7e3255\">\n  <div class=\"ue-carousel-item\">\n      <div class=\"uc_classic_carousel_placeholder\">\n          <img loading=\"lazy\" decoding=\"async\"  class=\"image_rollout\" src=\"https:\/\/design.awards.verallia.fr\/wp-content\/uploads\/2023\/05\/ProjetLaureat2010-3.jpg\"  src=\"https:\/\/design.awards.verallia.fr\/wp-content\/uploads\/2023\/05\/ProjetLaureat2010-3.jpg\" alt=\"Bouteille design 2010 prim\u00e9s au Verallia design awards\" width=\"500\" height=\"500\">\n            <\/div>\n    <div class=\"uc_classic_carousel_content\" style=\"direction:ltr;\">\n    \n    \n        \n          \t\n      <div  class=\"card_carousel_title\">ICE BOTTLE<\/div>\n          \t\n    \n      \n    <p class=\"card_carousel_text\">Jean-Charles Martina<br>Jury's favorite\n<br><\/p>    \n    \n    \t\n    \n    \n    \t\n  <\/div>\n  <\/div>\n<\/div>\n<div class=\"uc_classic_carousel_container_holder ue-item elementor-repeater-item-5f5390c\">\n  <div class=\"ue-carousel-item\">\n      <div class=\"uc_classic_carousel_placeholder\">\n          <img loading=\"lazy\" decoding=\"async\"  class=\"image_rollout\" src=\"https:\/\/design.awards.verallia.fr\/wp-content\/uploads\/2023\/05\/ProjetLaureat2010-4.jpg\"  src=\"https:\/\/design.awards.verallia.fr\/wp-content\/uploads\/2023\/05\/ProjetLaureat2010-4.jpg\" alt=\"Bouteille design 2010 prim\u00e9s au Verallia design awards\" width=\"500\" height=\"500\">\n            <\/div>\n    <div class=\"uc_classic_carousel_content\" style=\"direction:ltr;\">\n    \n    \n        \n          \t\n      <div  class=\"card_carousel_title\">SOIR\u00c9E A ROS\u00c9<\/div>\n          \t\n    \n      \n    <p class=\"card_carousel_text\">M\u00e9litine Courvoisier<br>First prize<br>\n<a href=\"https:\/\/melitinecourvoisier.fr\/\" target=\"_blank\"><i class=\"fas fa-globe\"><\/i><\/a><\/p>    \n    \n    \t\n    \n    \n    \t\n  <\/div>\n  <\/div>\n<\/div>\n\n      <\/div>\n<\/div>\n<!-- end Card Carousel -->\t\t\t\t<\/div>\n\t\t\t\t<\/div>\n\t\t\t\t<\/div>\n\t\t\t\t<\/div>\n\t\t","protected":false},"excerpt":{"rendered":"<p>\u201cImagine your glass bottle\u201d The winners ZUPPA Aline Le Normand 2nd prize LE SALUT DE LA BOUTEILLE Jimmy Robin 3rd prize SO WHAT ? Philippe Frouin Jury&#8217;s favorite ICE BOTTLE Jean-Charles Martina Jury&#8217;s favorite SOIR\u00c9E A ROS\u00c9 M\u00e9litine Courvoisier First prize<\/p>\n","protected":false},"author":1,"featured_media":0,"parent":20160,"menu_order":2010,"comment_status":"closed","ping_status":"closed","template":"","meta":{"_acf_changed":false,"footnotes":""},"class_list":["post-20182","page","type-page","status-publish","hentry"],"acf":[],"yoast_head":"<!-- This site is optimized with the Yoast SEO plugin v27.3 - https:\/\/yoast.com\/product\/yoast-seo-wordpress\/ -->\n<title>2010 Edition - Verallia Design Awards<\/title>\n<meta name=\"description\" content=\"Dive into the very first Verallia Design Awards, where design university students take up the challenge of creating the packaging of tomorrow.\" \/>\n<meta name=\"robots\" content=\"index, follow, max-snippet:-1, max-image-preview:large, max-video-preview:-1\" \/>\n<link rel=\"canonical\" href=\"https:\/\/design.awards.verallia.fr\/en\/previous-editions\/2010-edition\/\" \/>\n<meta property=\"og:locale\" content=\"en_US\" \/>\n<meta property=\"og:type\" content=\"article\" \/>\n<meta property=\"og:title\" content=\"2010 Edition - Verallia Design Awards\" \/>\n<meta property=\"og:description\" content=\"Dive into the very first Verallia Design Awards, where design university students take up the challenge of creating the packaging of tomorrow.\" \/>\n<meta property=\"og:url\" content=\"https:\/\/design.awards.verallia.fr\/en\/previous-editions\/2010-edition\/\" \/>\n<meta property=\"og:site_name\" content=\"Verallia Design Awards\" \/>\n<meta property=\"article:modified_time\" content=\"2023-08-16T12:52:00+00:00\" \/>\n<meta property=\"og:image\" content=\"https:\/\/design.awards.verallia.fr\/wp-content\/uploads\/2023\/05\/ProjetLaureat2010-1.jpg\" \/>\n<meta name=\"twitter:card\" content=\"summary_large_image\" \/>\n<meta name=\"twitter:label1\" content=\"Est. reading time\" \/>\n\t<meta name=\"twitter:data1\" content=\"2 minutes\" \/>\n<script type=\"application\/ld+json\" class=\"yoast-schema-graph\">{\"@context\":\"https:\\\/\\\/schema.org\",\"@graph\":[{\"@type\":\"WebPage\",\"@id\":\"https:\\\/\\\/design.awards.verallia.fr\\\/en\\\/previous-editions\\\/2010-edition\\\/\",\"url\":\"https:\\\/\\\/design.awards.verallia.fr\\\/en\\\/previous-editions\\\/2010-edition\\\/\",\"name\":\"2010 Edition - Verallia Design Awards\",\"isPartOf\":{\"@id\":\"https:\\\/\\\/design.awards.verallia.fr\\\/en\\\/#website\"},\"primaryImageOfPage\":{\"@id\":\"https:\\\/\\\/design.awards.verallia.fr\\\/en\\\/previous-editions\\\/2010-edition\\\/#primaryimage\"},\"image\":{\"@id\":\"https:\\\/\\\/design.awards.verallia.fr\\\/en\\\/previous-editions\\\/2010-edition\\\/#primaryimage\"},\"thumbnailUrl\":\"https:\\\/\\\/design.awards.verallia.fr\\\/wp-content\\\/uploads\\\/2023\\\/05\\\/ProjetLaureat2010-1.jpg\",\"datePublished\":\"2023-04-11T15:16:36+00:00\",\"dateModified\":\"2023-08-16T12:52:00+00:00\",\"description\":\"Dive into the very first Verallia Design Awards, where design university students take up the challenge of creating the packaging of tomorrow.\",\"breadcrumb\":{\"@id\":\"https:\\\/\\\/design.awards.verallia.fr\\\/en\\\/previous-editions\\\/2010-edition\\\/#breadcrumb\"},\"inLanguage\":\"en-US\",\"potentialAction\":[{\"@type\":\"ReadAction\",\"target\":[\"https:\\\/\\\/design.awards.verallia.fr\\\/en\\\/previous-editions\\\/2010-edition\\\/\"]}]},{\"@type\":\"ImageObject\",\"inLanguage\":\"en-US\",\"@id\":\"https:\\\/\\\/design.awards.verallia.fr\\\/en\\\/previous-editions\\\/2010-edition\\\/#primaryimage\",\"url\":\"https:\\\/\\\/design.awards.verallia.fr\\\/wp-content\\\/uploads\\\/2023\\\/05\\\/ProjetLaureat2010-1.jpg\",\"contentUrl\":\"https:\\\/\\\/design.awards.verallia.fr\\\/wp-content\\\/uploads\\\/2023\\\/05\\\/ProjetLaureat2010-1.jpg\"},{\"@type\":\"BreadcrumbList\",\"@id\":\"https:\\\/\\\/design.awards.verallia.fr\\\/en\\\/previous-editions\\\/2010-edition\\\/#breadcrumb\",\"itemListElement\":[{\"@type\":\"ListItem\",\"position\":1,\"name\":\"Accueil\",\"item\":\"https:\\\/\\\/design.awards.verallia.fr\\\/en\\\/\"},{\"@type\":\"ListItem\",\"position\":2,\"name\":\"Previous editions\",\"item\":\"https:\\\/\\\/design.awards.verallia.fr\\\/en\\\/previous-editions\\\/\"},{\"@type\":\"ListItem\",\"position\":3,\"name\":\"2010\"}]},{\"@type\":\"WebSite\",\"@id\":\"https:\\\/\\\/design.awards.verallia.fr\\\/en\\\/#website\",\"url\":\"https:\\\/\\\/design.awards.verallia.fr\\\/en\\\/\",\"name\":\"Verallia Design Awards\",\"description\":\"Verallia Design Award, le concours de design du packaging en verre\",\"publisher\":{\"@id\":\"https:\\\/\\\/design.awards.verallia.fr\\\/en\\\/#organization\"},\"potentialAction\":[{\"@type\":\"SearchAction\",\"target\":{\"@type\":\"EntryPoint\",\"urlTemplate\":\"https:\\\/\\\/design.awards.verallia.fr\\\/en\\\/?s={search_term_string}\"},\"query-input\":{\"@type\":\"PropertyValueSpecification\",\"valueRequired\":true,\"valueName\":\"search_term_string\"}}],\"inLanguage\":\"en-US\"},{\"@type\":\"Organization\",\"@id\":\"https:\\\/\\\/design.awards.verallia.fr\\\/en\\\/#organization\",\"name\":\"Verallia Design Awards\",\"url\":\"https:\\\/\\\/design.awards.verallia.fr\\\/en\\\/\",\"logo\":{\"@type\":\"ImageObject\",\"inLanguage\":\"en-US\",\"@id\":\"https:\\\/\\\/design.awards.verallia.fr\\\/en\\\/#\\\/schema\\\/logo\\\/image\\\/\",\"url\":\"https:\\\/\\\/design.awards.verallia.fr\\\/wp-content\\\/uploads\\\/2023\\\/05\\\/logo-small.png\",\"contentUrl\":\"https:\\\/\\\/design.awards.verallia.fr\\\/wp-content\\\/uploads\\\/2023\\\/05\\\/logo-small.png\",\"width\":198,\"height\":117,\"caption\":\"Verallia Design Awards\"},\"image\":{\"@id\":\"https:\\\/\\\/design.awards.verallia.fr\\\/en\\\/#\\\/schema\\\/logo\\\/image\\\/\"}}]}<\/script>\n<!-- \/ Yoast SEO plugin. -->","yoast_head_json":{"title":"2010 Edition - Verallia Design Awards","description":"Dive into the very first Verallia Design Awards, where design university students take up the challenge of creating the packaging of tomorrow.","robots":{"index":"index","follow":"follow","max-snippet":"max-snippet:-1","max-image-preview":"max-image-preview:large","max-video-preview":"max-video-preview:-1"},"canonical":"https:\/\/design.awards.verallia.fr\/en\/previous-editions\/2010-edition\/","og_locale":"en_US","og_type":"article","og_title":"2010 Edition - Verallia Design Awards","og_description":"Dive into the very first Verallia Design Awards, where design university students take up the challenge of creating the packaging of tomorrow.","og_url":"https:\/\/design.awards.verallia.fr\/en\/previous-editions\/2010-edition\/","og_site_name":"Verallia Design Awards","article_modified_time":"2023-08-16T12:52:00+00:00","og_image":[{"url":"https:\/\/design.awards.verallia.fr\/wp-content\/uploads\/2023\/05\/ProjetLaureat2010-1.jpg","type":"","width":"","height":""}],"twitter_card":"summary_large_image","twitter_misc":{"Est. reading time":"2 minutes"},"schema":{"@context":"https:\/\/schema.org","@graph":[{"@type":"WebPage","@id":"https:\/\/design.awards.verallia.fr\/en\/previous-editions\/2010-edition\/","url":"https:\/\/design.awards.verallia.fr\/en\/previous-editions\/2010-edition\/","name":"2010 Edition - Verallia Design Awards","isPartOf":{"@id":"https:\/\/design.awards.verallia.fr\/en\/#website"},"primaryImageOfPage":{"@id":"https:\/\/design.awards.verallia.fr\/en\/previous-editions\/2010-edition\/#primaryimage"},"image":{"@id":"https:\/\/design.awards.verallia.fr\/en\/previous-editions\/2010-edition\/#primaryimage"},"thumbnailUrl":"https:\/\/design.awards.verallia.fr\/wp-content\/uploads\/2023\/05\/ProjetLaureat2010-1.jpg","datePublished":"2023-04-11T15:16:36+00:00","dateModified":"2023-08-16T12:52:00+00:00","description":"Dive into the very first Verallia Design Awards, where design university students take up the challenge of creating the packaging of tomorrow.","breadcrumb":{"@id":"https:\/\/design.awards.verallia.fr\/en\/previous-editions\/2010-edition\/#breadcrumb"},"inLanguage":"en-US","potentialAction":[{"@type":"ReadAction","target":["https:\/\/design.awards.verallia.fr\/en\/previous-editions\/2010-edition\/"]}]},{"@type":"ImageObject","inLanguage":"en-US","@id":"https:\/\/design.awards.verallia.fr\/en\/previous-editions\/2010-edition\/#primaryimage","url":"https:\/\/design.awards.verallia.fr\/wp-content\/uploads\/2023\/05\/ProjetLaureat2010-1.jpg","contentUrl":"https:\/\/design.awards.verallia.fr\/wp-content\/uploads\/2023\/05\/ProjetLaureat2010-1.jpg"},{"@type":"BreadcrumbList","@id":"https:\/\/design.awards.verallia.fr\/en\/previous-editions\/2010-edition\/#breadcrumb","itemListElement":[{"@type":"ListItem","position":1,"name":"Accueil","item":"https:\/\/design.awards.verallia.fr\/en\/"},{"@type":"ListItem","position":2,"name":"Previous editions","item":"https:\/\/design.awards.verallia.fr\/en\/previous-editions\/"},{"@type":"ListItem","position":3,"name":"2010"}]},{"@type":"WebSite","@id":"https:\/\/design.awards.verallia.fr\/en\/#website","url":"https:\/\/design.awards.verallia.fr\/en\/","name":"Verallia Design Awards","description":"Verallia Design Award, le concours de design du packaging en verre","publisher":{"@id":"https:\/\/design.awards.verallia.fr\/en\/#organization"},"potentialAction":[{"@type":"SearchAction","target":{"@type":"EntryPoint","urlTemplate":"https:\/\/design.awards.verallia.fr\/en\/?s={search_term_string}"},"query-input":{"@type":"PropertyValueSpecification","valueRequired":true,"valueName":"search_term_string"}}],"inLanguage":"en-US"},{"@type":"Organization","@id":"https:\/\/design.awards.verallia.fr\/en\/#organization","name":"Verallia Design Awards","url":"https:\/\/design.awards.verallia.fr\/en\/","logo":{"@type":"ImageObject","inLanguage":"en-US","@id":"https:\/\/design.awards.verallia.fr\/en\/#\/schema\/logo\/image\/","url":"https:\/\/design.awards.verallia.fr\/wp-content\/uploads\/2023\/05\/logo-small.png","contentUrl":"https:\/\/design.awards.verallia.fr\/wp-content\/uploads\/2023\/05\/logo-small.png","width":198,"height":117,"caption":"Verallia Design Awards"},"image":{"@id":"https:\/\/design.awards.verallia.fr\/en\/#\/schema\/logo\/image\/"}}]}},"_links":{"self":[{"href":"https:\/\/design.awards.verallia.fr\/en\/wp-json\/wp\/v2\/pages\/20182","targetHints":{"allow":["GET"]}}],"collection":[{"href":"https:\/\/design.awards.verallia.fr\/en\/wp-json\/wp\/v2\/pages"}],"about":[{"href":"https:\/\/design.awards.verallia.fr\/en\/wp-json\/wp\/v2\/types\/page"}],"author":[{"embeddable":true,"href":"https:\/\/design.awards.verallia.fr\/en\/wp-json\/wp\/v2\/users\/1"}],"replies":[{"embeddable":true,"href":"https:\/\/design.awards.verallia.fr\/en\/wp-json\/wp\/v2\/comments?post=20182"}],"version-history":[{"count":5,"href":"https:\/\/design.awards.verallia.fr\/en\/wp-json\/wp\/v2\/pages\/20182\/revisions"}],"predecessor-version":[{"id":29898,"href":"https:\/\/design.awards.verallia.fr\/en\/wp-json\/wp\/v2\/pages\/20182\/revisions\/29898"}],"up":[{"embeddable":true,"href":"https:\/\/design.awards.verallia.fr\/en\/wp-json\/wp\/v2\/pages\/20160"}],"wp:attachment":[{"href":"https:\/\/design.awards.verallia.fr\/en\/wp-json\/wp\/v2\/media?parent=20182"}],"curies":[{"name":"wp","href":"https:\/\/api.w.org\/{rel}","templated":true}]}}