{"id":27360,"date":"2023-05-24T10:43:39","date_gmt":"2023-05-24T08:43:39","guid":{"rendered":"https:\/\/design.awards.verallia.fr\/?page_id=27360"},"modified":"2023-09-08T09:45:22","modified_gmt":"2023-09-08T07:45:22","slug":"serac","status":"publish","type":"page","link":"https:\/\/design.awards.verallia.fr\/en\/the-success-of-designer-glass-bottles\/serac\/","title":{"rendered":"Serac"},"content":{"rendered":"\t\t<div data-elementor-type=\"wp-page\" data-elementor-id=\"27360\" class=\"elementor elementor-27360 elementor-21737\" data-elementor-post-type=\"page\">\n\t\t\t\t<div class=\"elementor-element elementor-element-780f33e e-flex e-con-boxed e-con e-parent\" data-id=\"780f33e\" data-element_type=\"container\" data-e-type=\"container\">\n\t\t\t\t\t<div class=\"e-con-inner\">\n\t\t\t\t<div class=\"elementor-element elementor-element-50f7813 elementor-widget__width-initial elementor-widget elementor-widget-image\" data-id=\"50f7813\" data-element_type=\"widget\" data-e-type=\"widget\" data-widget_type=\"image.default\">\n\t\t\t\t<div class=\"elementor-widget-container\">\n\t\t\t\t\t\t\t\t\t\t\t\t\t\t\t<img fetchpriority=\"high\" decoding=\"async\" width=\"571\" height=\"530\" src=\"https:\/\/design.awards.verallia.fr\/wp-content\/uploads\/2023\/05\/3-Serac-Photo-grande.jpg\" class=\"attachment-large size-large wp-image-22005\" alt=\"Commercialisation de la bouteilles design prim\u00e9 Mise en situation\" srcset=\"https:\/\/design.awards.verallia.fr\/wp-content\/uploads\/2023\/05\/3-Serac-Photo-grande.jpg 571w, https:\/\/design.awards.verallia.fr\/wp-content\/uploads\/2023\/05\/3-Serac-Photo-grande-300x278.jpg 300w\" sizes=\"(max-width: 571px) 100vw, 571px\" \/>\t\t\t\t\t\t\t\t\t\t\t\t\t\t\t<\/div>\n\t\t\t\t<\/div>\n\t\t<div class=\"elementor-element elementor-element-d7a7ddc e-flex e-con-boxed e-con e-parent\" data-id=\"d7a7ddc\" data-element_type=\"container\" data-e-type=\"container\">\n\t\t\t\t\t<div class=\"e-con-inner\">\n\t\t\t\t<div class=\"elementor-element elementor-element-634a94e elementor-widget elementor-widget-heading\" data-id=\"634a94e\" data-element_type=\"widget\" data-e-type=\"widget\" data-widget_type=\"heading.default\">\n\t\t\t\t<div class=\"elementor-widget-container\">\n\t\t\t\t\t<h2 class=\"elementor-heading-title elementor-size-default\">Successful glass designers <\/h2>\t\t\t\t<\/div>\n\t\t\t\t<\/div>\n\t\t\t\t<div class=\"elementor-element elementor-element-363ea89 elementor-blockquote--skin-clean elementor-blockquote--align-left elementor-widget__width-initial elementor-widget elementor-widget-blockquote\" data-id=\"363ea89\" data-element_type=\"widget\" data-e-type=\"widget\" data-widget_type=\"blockquote.default\">\n\t\t\t\t<div class=\"elementor-widget-container\">\n\t\t\t\t\t\t\t<blockquote class=\"elementor-blockquote\">\n\t\t\t<p class=\"elementor-blockquote__content\">\n\t\t\t\tLeslie<br>Dabin\t\t\t<\/p>\n\t\t\t\t\t<\/blockquote>\n\t\t\t\t\t\t<\/div>\n\t\t\t\t<\/div>\n\t\t<div class=\"elementor-element elementor-element-845ff90 e-flex e-con-boxed e-con e-parent\" data-id=\"845ff90\" data-element_type=\"container\" data-e-type=\"container\">\n\t\t\t\t\t<div class=\"e-con-inner\">\n\t\t\t\t<div class=\"elementor-element elementor-element-0f816f9 elementor-widget__width-initial elementor-widget elementor-widget-image\" data-id=\"0f816f9\" data-element_type=\"widget\" data-e-type=\"widget\" data-widget_type=\"image.default\">\n\t\t\t\t<div class=\"elementor-widget-container\">\n\t\t\t\t\t\t\t\t\t\t\t\t\t\t\t<img decoding=\"async\" src=\"https:\/\/design.awards.verallia.fr\/wp-content\/uploads\/2023\/04\/laureat-exemple.png\" title=\"\" alt=\"Leslie Dabin\" loading=\"lazy\" \/>\t\t\t\t\t\t\t\t\t\t\t\t\t\t\t<\/div>\n\t\t\t\t<\/div>\n\t\t<div class=\"elementor-element elementor-element-c621e20 e-flex e-con-boxed e-con e-parent\" data-id=\"c621e20\" data-element_type=\"container\" data-e-type=\"container\">\n\t\t\t\t\t<div class=\"e-con-inner\">\n\t\t\t\t<div class=\"elementor-element elementor-element-702f651 elementor-widget elementor-widget-text-editor\" data-id=\"702f651\" data-element_type=\"widget\" data-e-type=\"widget\" data-widget_type=\"text-editor.default\">\n\t\t\t\t<div class=\"elementor-widget-container\">\n\t\t\t\t\t\t\t\t\t<p>Winner 2016 in the wine category &#8220;Serac&#8221; project<\/p>\t\t\t\t\t\t\t\t<\/div>\n\t\t\t\t<\/div>\n\t\t\t\t<div class=\"elementor-element elementor-element-4443575 elementor-widget elementor-widget-text-editor\" data-id=\"4443575\" data-element_type=\"widget\" data-e-type=\"widget\" data-widget_type=\"text-editor.default\">\n\t\t\t\t<div class=\"elementor-widget-container\">\n\t\t\t\t\t\t\t\t\t<p>Interior Design-Architecture studies Chosen by distributor <a href=\"https:\/\/www.vignobles-jeanjean.com\/en\/home\/\" target=\"_blank\" rel=\"noopener\">Maison Du Sud &#8211; JeanJean<\/a> Sales for ros\u00e9 wines in supermarkets<\/p>\t\t\t\t\t\t\t\t<\/div>\n\t\t\t\t<\/div>\n\t\t\t\t\t<\/div>\n\t\t\t\t<\/div>\n\t\t\t\t\t<\/div>\n\t\t\t\t<\/div>\n\t\t\t\t\t<\/div>\n\t\t\t\t<\/div>\n\t\t\t\t\t<\/div>\n\t\t\t\t<\/div>\n\t\t<div class=\"elementor-element elementor-element-28d1c18 e-flex e-con-boxed e-con e-parent\" data-id=\"28d1c18\" data-element_type=\"container\" data-e-type=\"container\">\n\t\t\t\t\t<div class=\"e-con-inner\">\n\t\t\t\t<div class=\"elementor-element elementor-element-72d1cfb elementor-widget elementor-widget-heading\" data-id=\"72d1cfb\" data-element_type=\"widget\" data-e-type=\"widget\" data-widget_type=\"heading.default\">\n\t\t\t\t<div class=\"elementor-widget-container\">\n\t\t\t\t\t<h2 class=\"elementor-heading-title elementor-size-default\">\nFind out more about the production<br> and launch of glass bottles<\/h2>\t\t\t\t<\/div>\n\t\t\t\t<\/div>\n\t\t\t\t<div class=\"elementor-element elementor-element-010ea87 elementor-widget__width-initial elementor-widget-mobile__width-inherit elementor-widget elementor-widget-text-editor\" data-id=\"010ea87\" data-element_type=\"widget\" data-e-type=\"widget\" data-widget_type=\"text-editor.default\">\n\t\t\t\t<div class=\"elementor-widget-container\">\n\t\t\t\t\t\t\t\t\t<p>The competition was a very stimulating experience, with finally a concrete project to realize with manufacturing parameters. I was able to work with the material glass for the first time, and expand my knowledge of how to fashion it. Seeing my project win the jury&#8217;s pick award gave me great hope for the future. As for the announcement that it will be marketed, I still can&#8217;t believe it!<\/p>\t\t\t\t\t\t\t\t<\/div>\n\t\t\t\t<\/div>\n\t\t\t\t<div class=\"elementor-element elementor-element-2179ada elementor-widget elementor-widget-html\" data-id=\"2179ada\" data-element_type=\"widget\" data-e-type=\"widget\" data-widget_type=\"html.default\">\n\t\t\t\t<div class=\"elementor-widget-container\">\n\t\t\t\t\t<iframe width=\"560\" height=\"620\" src=\"https:\/\/www.youtube-nocookie.com\/embed\/Igoe7lpRJfQ?si=zRT8dNKO2c_3pY1v\" title=\"YouTube video player\" frameborder=\"0\" allow=\"accelerometer; autoplay; clipboard-write; encrypted-media; gyroscope; picture-in-picture; web-share\" allowfullscreen><\/iframe>\t\t\t\t<\/div>\n\t\t\t\t<\/div>\n\t\t\t\t\t<\/div>\n\t\t\t\t<\/div>\n\t\t<div class=\"elementor-element elementor-element-424a2ba e-flex e-con-boxed e-con e-parent\" data-id=\"424a2ba\" data-element_type=\"container\" data-e-type=\"container\" data-settings=\"{&quot;background_background&quot;:&quot;classic&quot;}\">\n\t\t\t\t\t<div class=\"e-con-inner\">\n\t\t\t\t<div class=\"elementor-element elementor-element-5964733 elementor-widget elementor-widget-heading\" data-id=\"5964733\" data-element_type=\"widget\" data-e-type=\"widget\" data-widget_type=\"heading.default\">\n\t\t\t\t<div class=\"elementor-widget-container\">\n\t\t\t\t\t<h2 class=\"elementor-heading-title elementor-size-default\">Customer testimonials\n<\/h2>\t\t\t\t<\/div>\n\t\t\t\t<\/div>\n\t\t\t\t<div class=\"elementor-element elementor-element-52380be elementor-widget elementor-widget-text-editor\" data-id=\"52380be\" data-element_type=\"widget\" data-e-type=\"widget\" data-widget_type=\"text-editor.default\">\n\t\t\t\t<div class=\"elementor-widget-container\">\n\t\t\t\t\t\t\t\t\t<p>By partnering with Verallia to launch this new &#8220;SERAC&#8221; bottle, we have chosen to support young designers through the Verallia Design Awards. It&#8217;s also a way for us to respond to our customers&#8217; constant demand for innovation and original products. This bottle represents a real differentiation and adds value to our products.<\/p>\t\t\t\t\t\t\t\t<\/div>\n\t\t\t\t<\/div>\n\t\t<div class=\"elementor-element elementor-element-99e148a e-flex e-con-boxed e-con e-parent\" data-id=\"99e148a\" data-element_type=\"container\" data-e-type=\"container\">\n\t\t\t\t\t<div class=\"e-con-inner\">\n\t\t\t\t<div class=\"elementor-element elementor-element-f20dae7 elementor-widget elementor-widget-image\" data-id=\"f20dae7\" data-element_type=\"widget\" data-e-type=\"widget\" data-widget_type=\"image.default\">\n\t\t\t\t<div class=\"elementor-widget-container\">\n\t\t\t\t\t\t\t\t\t\t\t\t\t\t\t<img decoding=\"async\" width=\"300\" height=\"300\" src=\"https:\/\/design.awards.verallia.fr\/wp-content\/uploads\/2023\/05\/success-serac-client.jpg\" class=\"attachment-large size-large wp-image-21806\" alt=\"Olivier Goue\" srcset=\"https:\/\/design.awards.verallia.fr\/wp-content\/uploads\/2023\/05\/success-serac-client.jpg 300w, https:\/\/design.awards.verallia.fr\/wp-content\/uploads\/2023\/05\/success-serac-client-150x150.jpg 150w\" sizes=\"(max-width: 300px) 100vw, 300px\" \/>\t\t\t\t\t\t\t\t\t\t\t\t\t\t\t<\/div>\n\t\t\t\t<\/div>\n\t\t\t\t<div class=\"elementor-element elementor-element-4218a94 elementor-widget elementor-widget-text-editor\" data-id=\"4218a94\" data-element_type=\"widget\" data-e-type=\"widget\" data-widget_type=\"text-editor.default\">\n\t\t\t\t<div class=\"elementor-widget-container\">\n\t\t\t\t\t\t\t\t\t<p><strong>Olivier GOUE<\/strong><br \/>Marketing Manager<br \/>MAISON DU SUD &#8211; JEANJEAN<\/p>\t\t\t\t\t\t\t\t<\/div>\n\t\t\t\t<\/div>\n\t\t\t\t\t<\/div>\n\t\t\t\t<\/div>\n\t\t\t\t\t<\/div>\n\t\t\t\t<\/div>\n\t\t<div class=\"elementor-element elementor-element-4eebbc0 e-con-full e-flex e-con e-parent\" data-id=\"4eebbc0\" data-element_type=\"container\" data-e-type=\"container\">\n\t\t\t\t<div class=\"elementor-element elementor-element-7062f06 elementor-widget elementor-widget-image\" data-id=\"7062f06\" data-element_type=\"widget\" data-e-type=\"widget\" data-widget_type=\"image.default\">\n\t\t\t\t<div class=\"elementor-widget-container\">\n\t\t\t\t\t\t\t\t\t\t\t\t\t\t\t<img decoding=\"async\" src=\"https:\/\/design.awards.verallia.fr\/wp-content\/uploads\/elementor\/thumbs\/serac-1-lyvwines-qbqeo5aabwbww0uj8a2lrs783xx25nx1ixo6eiuykq.webp\" title=\"serac-1-lyvwines\" alt=\"La bouteille design prim\u00e9 sur une table d\u00e9cor\u00e9\" loading=\"lazy\" \/>\t\t\t\t\t\t\t\t\t\t\t\t\t\t\t<\/div>\n\t\t\t\t<\/div>\n\t\t\t\t<div class=\"elementor-element elementor-element-ec63645 elementor-widget elementor-widget-image\" data-id=\"ec63645\" data-element_type=\"widget\" data-e-type=\"widget\" data-widget_type=\"image.default\">\n\t\t\t\t<div class=\"elementor-widget-container\">\n\t\t\t\t\t\t\t\t\t\t\t\t\t\t\t<img decoding=\"async\" src=\"https:\/\/design.awards.verallia.fr\/wp-content\/uploads\/elementor\/thumbs\/serac-2-lyvwines-qbqeo5aabwbww0uj8a2lrs783xx25nx1ixo6eiuykq.webp\" title=\"serac-2-lyvwines\" alt=\"Pr\u00e9sentation de la bouteille design prim\u00e9\" loading=\"lazy\" \/>\t\t\t\t\t\t\t\t\t\t\t\t\t\t\t<\/div>\n\t\t\t\t<\/div>\n\t\t\t\t<div class=\"elementor-element elementor-element-268f143 elementor-widget elementor-widget-image\" data-id=\"268f143\" data-element_type=\"widget\" data-e-type=\"widget\" data-widget_type=\"image.default\">\n\t\t\t\t<div class=\"elementor-widget-container\">\n\t\t\t\t\t\t\t\t\t\t\t\t\t\t\t<img decoding=\"async\" src=\"https:\/\/design.awards.verallia.fr\/wp-content\/uploads\/elementor\/thumbs\/serac-5-lyvwines-qbqeo5aabwbww0uj8a2lrs783xx25nx1ixo6eiuykq.webp\" title=\"serac-5-lyvwines\" alt=\"Les succ\u00e8s des bouteilles en verre design Bouteille : Serac\" loading=\"lazy\" \/>\t\t\t\t\t\t\t\t\t\t\t\t\t\t\t<\/div>\n\t\t\t\t<\/div>\n\t\t\t\t<div class=\"elementor-element elementor-element-21fe76d elementor-widget elementor-widget-image\" data-id=\"21fe76d\" data-element_type=\"widget\" data-e-type=\"widget\" data-widget_type=\"image.default\">\n\t\t\t\t<div class=\"elementor-widget-container\">\n\t\t\t\t\t\t\t\t\t\t\t\t\t\t\t<img decoding=\"async\" src=\"https:\/\/design.awards.verallia.fr\/wp-content\/uploads\/elementor\/thumbs\/serac-6-lyvwines-qbqeo5aabwbww0uj8a2lrs783xx25nx1ixo6eiuykq.webp\" title=\"serac-6-lyvwines\" alt=\"Les succ\u00e8s des bouteilles en verre design Bouteille : Serac\" loading=\"lazy\" \/>\t\t\t\t\t\t\t\t\t\t\t\t\t\t\t<\/div>\n\t\t\t\t<\/div>\n\t\t\t\t<\/div>\n\t\t<div class=\"elementor-element elementor-element-898bf58 e-flex e-con-boxed e-con e-parent\" data-id=\"898bf58\" data-element_type=\"container\" data-e-type=\"container\">\n\t\t\t\t\t<div class=\"e-con-inner\">\n\t\t\t\t<div class=\"elementor-element elementor-element-4d4b045 elementor-align-center elementor-widget elementor-widget-button\" data-id=\"4d4b045\" data-element_type=\"widget\" data-e-type=\"widget\" data-widget_type=\"button.default\">\n\t\t\t\t<div class=\"elementor-widget-container\">\n\t\t\t\t\t\t\t\t\t<div class=\"elementor-button-wrapper\">\n\t\t\t\t\t<a class=\"elementor-button elementor-button-link elementor-size-sm\" href=\"\/en\/the-success-of-designer-glass-bottles\/\">\n\t\t\t\t\t\t<span class=\"elementor-button-content-wrapper\">\n\t\t\t\t\t\t\t\t\t<span class=\"elementor-button-text\">See all success stories<\/span>\n\t\t\t\t\t<\/span>\n\t\t\t\t\t<\/a>\n\t\t\t\t<\/div>\n\t\t\t\t\t\t\t\t<\/div>\n\t\t\t\t<\/div>\n\t\t\t\t\t<\/div>\n\t\t\t\t<\/div>\n\t\t\t\t<\/div>\n\t\t","protected":false},"excerpt":{"rendered":"<p>Successful glass designers LeslieDabin Winner 2016 in the wine category &#8220;Serac&#8221; project Interior Design-Architecture studies Chosen by distributor Maison Du Sud &#8211; JeanJean Sales for ros\u00e9 wines in supermarkets Find out more about the production and launch of glass bottles The competition was a very stimulating experience, with finally a concrete project to realize with [&hellip;]<\/p>\n","protected":false},"author":1,"featured_media":0,"parent":20166,"menu_order":2,"comment_status":"closed","ping_status":"closed","template":"","meta":{"_acf_changed":false,"footnotes":""},"class_list":["post-27360","page","type-page","status-publish","hentry"],"acf":[],"yoast_head":"<!-- This site is optimized with the Yoast SEO plugin v27.3 - https:\/\/yoast.com\/product\/yoast-seo-wordpress\/ -->\n<title>Serac - Verallia Design Awards<\/title>\n<meta name=\"description\" content=\"S\u00e9rac bottle, a commercial success and winner of the 2016 Verallia Design Awards in the wine category. Crystal design bottle.\" \/>\n<meta name=\"robots\" content=\"index, follow, max-snippet:-1, max-image-preview:large, max-video-preview:-1\" \/>\n<link rel=\"canonical\" href=\"https:\/\/design.awards.verallia.fr\/en\/the-success-of-designer-glass-bottles\/serac\/\" \/>\n<meta property=\"og:locale\" content=\"en_US\" \/>\n<meta property=\"og:type\" content=\"article\" \/>\n<meta property=\"og:title\" content=\"Serac - Verallia Design Awards\" \/>\n<meta property=\"og:description\" content=\"S\u00e9rac bottle, a commercial success and winner of the 2016 Verallia Design Awards in the wine category. Crystal design bottle.\" \/>\n<meta property=\"og:url\" content=\"https:\/\/design.awards.verallia.fr\/en\/the-success-of-designer-glass-bottles\/serac\/\" \/>\n<meta property=\"og:site_name\" content=\"Verallia Design Awards\" \/>\n<meta property=\"article:modified_time\" content=\"2023-09-08T07:45:22+00:00\" \/>\n<meta property=\"og:image\" content=\"https:\/\/design.awards.verallia.fr\/wp-content\/uploads\/2023\/05\/3-Serac-Photo-grande.jpg\" \/>\n<meta name=\"twitter:card\" content=\"summary_large_image\" \/>\n<meta name=\"twitter:label1\" content=\"Est. reading time\" \/>\n\t<meta name=\"twitter:data1\" content=\"3 minutes\" \/>\n<script type=\"application\/ld+json\" class=\"yoast-schema-graph\">{\"@context\":\"https:\\\/\\\/schema.org\",\"@graph\":[{\"@type\":\"WebPage\",\"@id\":\"https:\\\/\\\/design.awards.verallia.fr\\\/en\\\/the-success-of-designer-glass-bottles\\\/serac\\\/\",\"url\":\"https:\\\/\\\/design.awards.verallia.fr\\\/en\\\/the-success-of-designer-glass-bottles\\\/serac\\\/\",\"name\":\"Serac - Verallia Design Awards\",\"isPartOf\":{\"@id\":\"https:\\\/\\\/design.awards.verallia.fr\\\/en\\\/#website\"},\"primaryImageOfPage\":{\"@id\":\"https:\\\/\\\/design.awards.verallia.fr\\\/en\\\/the-success-of-designer-glass-bottles\\\/serac\\\/#primaryimage\"},\"image\":{\"@id\":\"https:\\\/\\\/design.awards.verallia.fr\\\/en\\\/the-success-of-designer-glass-bottles\\\/serac\\\/#primaryimage\"},\"thumbnailUrl\":\"https:\\\/\\\/design.awards.verallia.fr\\\/wp-content\\\/uploads\\\/2023\\\/05\\\/3-Serac-Photo-grande.jpg\",\"datePublished\":\"2023-05-24T08:43:39+00:00\",\"dateModified\":\"2023-09-08T07:45:22+00:00\",\"description\":\"S\u00e9rac bottle, a commercial success and winner of the 2016 Verallia Design Awards in the wine category. Crystal design bottle.\",\"breadcrumb\":{\"@id\":\"https:\\\/\\\/design.awards.verallia.fr\\\/en\\\/the-success-of-designer-glass-bottles\\\/serac\\\/#breadcrumb\"},\"inLanguage\":\"en-US\",\"potentialAction\":[{\"@type\":\"ReadAction\",\"target\":[\"https:\\\/\\\/design.awards.verallia.fr\\\/en\\\/the-success-of-designer-glass-bottles\\\/serac\\\/\"]}]},{\"@type\":\"ImageObject\",\"inLanguage\":\"en-US\",\"@id\":\"https:\\\/\\\/design.awards.verallia.fr\\\/en\\\/the-success-of-designer-glass-bottles\\\/serac\\\/#primaryimage\",\"url\":\"https:\\\/\\\/design.awards.verallia.fr\\\/wp-content\\\/uploads\\\/2023\\\/05\\\/3-Serac-Photo-grande.jpg\",\"contentUrl\":\"https:\\\/\\\/design.awards.verallia.fr\\\/wp-content\\\/uploads\\\/2023\\\/05\\\/3-Serac-Photo-grande.jpg\"},{\"@type\":\"BreadcrumbList\",\"@id\":\"https:\\\/\\\/design.awards.verallia.fr\\\/en\\\/the-success-of-designer-glass-bottles\\\/serac\\\/#breadcrumb\",\"itemListElement\":[{\"@type\":\"ListItem\",\"position\":1,\"name\":\"Accueil\",\"item\":\"https:\\\/\\\/design.awards.verallia.fr\\\/en\\\/\"},{\"@type\":\"ListItem\",\"position\":2,\"name\":\"Success Story\",\"item\":\"https:\\\/\\\/design.awards.verallia.fr\\\/en\\\/the-success-of-designer-glass-bottles\\\/\"},{\"@type\":\"ListItem\",\"position\":3,\"name\":\"Serac\"}]},{\"@type\":\"WebSite\",\"@id\":\"https:\\\/\\\/design.awards.verallia.fr\\\/en\\\/#website\",\"url\":\"https:\\\/\\\/design.awards.verallia.fr\\\/en\\\/\",\"name\":\"Verallia Design Awards\",\"description\":\"Verallia Design Award, le concours de design du packaging en verre\",\"publisher\":{\"@id\":\"https:\\\/\\\/design.awards.verallia.fr\\\/en\\\/#organization\"},\"potentialAction\":[{\"@type\":\"SearchAction\",\"target\":{\"@type\":\"EntryPoint\",\"urlTemplate\":\"https:\\\/\\\/design.awards.verallia.fr\\\/en\\\/?s={search_term_string}\"},\"query-input\":{\"@type\":\"PropertyValueSpecification\",\"valueRequired\":true,\"valueName\":\"search_term_string\"}}],\"inLanguage\":\"en-US\"},{\"@type\":\"Organization\",\"@id\":\"https:\\\/\\\/design.awards.verallia.fr\\\/en\\\/#organization\",\"name\":\"Verallia Design Awards\",\"url\":\"https:\\\/\\\/design.awards.verallia.fr\\\/en\\\/\",\"logo\":{\"@type\":\"ImageObject\",\"inLanguage\":\"en-US\",\"@id\":\"https:\\\/\\\/design.awards.verallia.fr\\\/en\\\/#\\\/schema\\\/logo\\\/image\\\/\",\"url\":\"https:\\\/\\\/design.awards.verallia.fr\\\/wp-content\\\/uploads\\\/2023\\\/05\\\/logo-small.png\",\"contentUrl\":\"https:\\\/\\\/design.awards.verallia.fr\\\/wp-content\\\/uploads\\\/2023\\\/05\\\/logo-small.png\",\"width\":198,\"height\":117,\"caption\":\"Verallia Design Awards\"},\"image\":{\"@id\":\"https:\\\/\\\/design.awards.verallia.fr\\\/en\\\/#\\\/schema\\\/logo\\\/image\\\/\"}}]}<\/script>\n<!-- \/ Yoast SEO plugin. -->","yoast_head_json":{"title":"Serac - Verallia Design Awards","description":"S\u00e9rac bottle, a commercial success and winner of the 2016 Verallia Design Awards in the wine category. Crystal design bottle.","robots":{"index":"index","follow":"follow","max-snippet":"max-snippet:-1","max-image-preview":"max-image-preview:large","max-video-preview":"max-video-preview:-1"},"canonical":"https:\/\/design.awards.verallia.fr\/en\/the-success-of-designer-glass-bottles\/serac\/","og_locale":"en_US","og_type":"article","og_title":"Serac - Verallia Design Awards","og_description":"S\u00e9rac bottle, a commercial success and winner of the 2016 Verallia Design Awards in the wine category. Crystal design bottle.","og_url":"https:\/\/design.awards.verallia.fr\/en\/the-success-of-designer-glass-bottles\/serac\/","og_site_name":"Verallia Design Awards","article_modified_time":"2023-09-08T07:45:22+00:00","og_image":[{"url":"https:\/\/design.awards.verallia.fr\/wp-content\/uploads\/2023\/05\/3-Serac-Photo-grande.jpg","type":"","width":"","height":""}],"twitter_card":"summary_large_image","twitter_misc":{"Est. reading time":"3 minutes"},"schema":{"@context":"https:\/\/schema.org","@graph":[{"@type":"WebPage","@id":"https:\/\/design.awards.verallia.fr\/en\/the-success-of-designer-glass-bottles\/serac\/","url":"https:\/\/design.awards.verallia.fr\/en\/the-success-of-designer-glass-bottles\/serac\/","name":"Serac - Verallia Design Awards","isPartOf":{"@id":"https:\/\/design.awards.verallia.fr\/en\/#website"},"primaryImageOfPage":{"@id":"https:\/\/design.awards.verallia.fr\/en\/the-success-of-designer-glass-bottles\/serac\/#primaryimage"},"image":{"@id":"https:\/\/design.awards.verallia.fr\/en\/the-success-of-designer-glass-bottles\/serac\/#primaryimage"},"thumbnailUrl":"https:\/\/design.awards.verallia.fr\/wp-content\/uploads\/2023\/05\/3-Serac-Photo-grande.jpg","datePublished":"2023-05-24T08:43:39+00:00","dateModified":"2023-09-08T07:45:22+00:00","description":"S\u00e9rac bottle, a commercial success and winner of the 2016 Verallia Design Awards in the wine category. Crystal design bottle.","breadcrumb":{"@id":"https:\/\/design.awards.verallia.fr\/en\/the-success-of-designer-glass-bottles\/serac\/#breadcrumb"},"inLanguage":"en-US","potentialAction":[{"@type":"ReadAction","target":["https:\/\/design.awards.verallia.fr\/en\/the-success-of-designer-glass-bottles\/serac\/"]}]},{"@type":"ImageObject","inLanguage":"en-US","@id":"https:\/\/design.awards.verallia.fr\/en\/the-success-of-designer-glass-bottles\/serac\/#primaryimage","url":"https:\/\/design.awards.verallia.fr\/wp-content\/uploads\/2023\/05\/3-Serac-Photo-grande.jpg","contentUrl":"https:\/\/design.awards.verallia.fr\/wp-content\/uploads\/2023\/05\/3-Serac-Photo-grande.jpg"},{"@type":"BreadcrumbList","@id":"https:\/\/design.awards.verallia.fr\/en\/the-success-of-designer-glass-bottles\/serac\/#breadcrumb","itemListElement":[{"@type":"ListItem","position":1,"name":"Accueil","item":"https:\/\/design.awards.verallia.fr\/en\/"},{"@type":"ListItem","position":2,"name":"Success Story","item":"https:\/\/design.awards.verallia.fr\/en\/the-success-of-designer-glass-bottles\/"},{"@type":"ListItem","position":3,"name":"Serac"}]},{"@type":"WebSite","@id":"https:\/\/design.awards.verallia.fr\/en\/#website","url":"https:\/\/design.awards.verallia.fr\/en\/","name":"Verallia Design Awards","description":"Verallia Design Award, le concours de design du packaging en verre","publisher":{"@id":"https:\/\/design.awards.verallia.fr\/en\/#organization"},"potentialAction":[{"@type":"SearchAction","target":{"@type":"EntryPoint","urlTemplate":"https:\/\/design.awards.verallia.fr\/en\/?s={search_term_string}"},"query-input":{"@type":"PropertyValueSpecification","valueRequired":true,"valueName":"search_term_string"}}],"inLanguage":"en-US"},{"@type":"Organization","@id":"https:\/\/design.awards.verallia.fr\/en\/#organization","name":"Verallia Design Awards","url":"https:\/\/design.awards.verallia.fr\/en\/","logo":{"@type":"ImageObject","inLanguage":"en-US","@id":"https:\/\/design.awards.verallia.fr\/en\/#\/schema\/logo\/image\/","url":"https:\/\/design.awards.verallia.fr\/wp-content\/uploads\/2023\/05\/logo-small.png","contentUrl":"https:\/\/design.awards.verallia.fr\/wp-content\/uploads\/2023\/05\/logo-small.png","width":198,"height":117,"caption":"Verallia Design Awards"},"image":{"@id":"https:\/\/design.awards.verallia.fr\/en\/#\/schema\/logo\/image\/"}}]}},"_links":{"self":[{"href":"https:\/\/design.awards.verallia.fr\/en\/wp-json\/wp\/v2\/pages\/27360","targetHints":{"allow":["GET"]}}],"collection":[{"href":"https:\/\/design.awards.verallia.fr\/en\/wp-json\/wp\/v2\/pages"}],"about":[{"href":"https:\/\/design.awards.verallia.fr\/en\/wp-json\/wp\/v2\/types\/page"}],"author":[{"embeddable":true,"href":"https:\/\/design.awards.verallia.fr\/en\/wp-json\/wp\/v2\/users\/1"}],"replies":[{"embeddable":true,"href":"https:\/\/design.awards.verallia.fr\/en\/wp-json\/wp\/v2\/comments?post=27360"}],"version-history":[{"count":5,"href":"https:\/\/design.awards.verallia.fr\/en\/wp-json\/wp\/v2\/pages\/27360\/revisions"}],"predecessor-version":[{"id":31214,"href":"https:\/\/design.awards.verallia.fr\/en\/wp-json\/wp\/v2\/pages\/27360\/revisions\/31214"}],"up":[{"embeddable":true,"href":"https:\/\/design.awards.verallia.fr\/en\/wp-json\/wp\/v2\/pages\/20166"}],"wp:attachment":[{"href":"https:\/\/design.awards.verallia.fr\/en\/wp-json\/wp\/v2\/media?parent=27360"}],"curies":[{"name":"wp","href":"https:\/\/api.w.org\/{rel}","templated":true}]}}