{"id":27362,"date":"2023-05-24T15:22:52","date_gmt":"2023-05-24T13:22:52","guid":{"rendered":"https:\/\/design.awards.verallia.fr\/?page_id=27362"},"modified":"2023-09-07T14:19:05","modified_gmt":"2023-09-07T12:19:05","slug":"soiree-a-rose","status":"publish","type":"page","link":"https:\/\/design.awards.verallia.fr\/en\/the-success-of-designer-glass-bottles\/soiree-a-rose\/","title":{"rendered":"Soir\u00e9e \u00e0 ros\u00e9"},"content":{"rendered":"\t\t<div data-elementor-type=\"wp-page\" data-elementor-id=\"27362\" class=\"elementor elementor-27362 elementor-21931\" data-elementor-post-type=\"page\">\n\t\t\t\t<div class=\"elementor-element elementor-element-780f33e e-flex e-con-boxed e-con e-parent\" data-id=\"780f33e\" data-element_type=\"container\" data-e-type=\"container\">\n\t\t\t\t\t<div class=\"e-con-inner\">\n\t\t\t\t<div class=\"elementor-element elementor-element-50f7813 elementor-widget__width-initial elementor-widget elementor-widget-image\" data-id=\"50f7813\" data-element_type=\"widget\" data-e-type=\"widget\" data-widget_type=\"image.default\">\n\t\t\t\t<div class=\"elementor-widget-container\">\n\t\t\t\t\t\t\t\t\t\t\t\t\t\t\t<img fetchpriority=\"high\" decoding=\"async\" width=\"571\" height=\"530\" src=\"https:\/\/design.awards.verallia.fr\/wp-content\/uploads\/2023\/05\/CoteDeRoses1.jpg\" class=\"attachment-large size-large wp-image-22000\" alt=\"Commercialisation de la bouteilles design prim\u00e93\" srcset=\"https:\/\/design.awards.verallia.fr\/wp-content\/uploads\/2023\/05\/CoteDeRoses1.jpg 571w, https:\/\/design.awards.verallia.fr\/wp-content\/uploads\/2023\/05\/CoteDeRoses1-300x278.jpg 300w\" sizes=\"(max-width: 571px) 100vw, 571px\" \/>\t\t\t\t\t\t\t\t\t\t\t\t\t\t\t<\/div>\n\t\t\t\t<\/div>\n\t\t<div class=\"elementor-element elementor-element-d7a7ddc e-flex e-con-boxed e-con e-parent\" data-id=\"d7a7ddc\" data-element_type=\"container\" data-e-type=\"container\">\n\t\t\t\t\t<div class=\"e-con-inner\">\n\t\t\t\t<div class=\"elementor-element elementor-element-634a94e elementor-widget elementor-widget-heading\" data-id=\"634a94e\" data-element_type=\"widget\" data-e-type=\"widget\" data-widget_type=\"heading.default\">\n\t\t\t\t<div class=\"elementor-widget-container\">\n\t\t\t\t\t<h1 class=\"elementor-heading-title elementor-size-default\">Successful glass designers<\/h1>\t\t\t\t<\/div>\n\t\t\t\t<\/div>\n\t\t\t\t<div class=\"elementor-element elementor-element-363ea89 elementor-blockquote--skin-clean elementor-blockquote--align-left elementor-widget__width-initial elementor-widget elementor-widget-blockquote\" data-id=\"363ea89\" data-element_type=\"widget\" data-e-type=\"widget\" data-widget_type=\"blockquote.default\">\n\t\t\t\t<div class=\"elementor-widget-container\">\n\t\t\t\t\t\t\t<blockquote class=\"elementor-blockquote\">\n\t\t\t<p class=\"elementor-blockquote__content\">\n\t\t\t\tM\u00e9litine Courvoisier\t\t\t<\/p>\n\t\t\t\t\t<\/blockquote>\n\t\t\t\t\t\t<\/div>\n\t\t\t\t<\/div>\n\t\t<div class=\"elementor-element elementor-element-845ff90 e-flex e-con-boxed e-con e-parent\" data-id=\"845ff90\" data-element_type=\"container\" data-e-type=\"container\">\n\t\t\t\t\t<div class=\"e-con-inner\">\n\t\t<div class=\"elementor-element elementor-element-c621e20 e-flex e-con-boxed e-con e-parent\" data-id=\"c621e20\" data-element_type=\"container\" data-e-type=\"container\">\n\t\t\t\t\t<div class=\"e-con-inner\">\n\t\t\t\t<div class=\"elementor-element elementor-element-702f651 elementor-widget elementor-widget-text-editor\" data-id=\"702f651\" data-element_type=\"widget\" data-e-type=\"widget\" data-widget_type=\"text-editor.default\">\n\t\t\t\t<div class=\"elementor-widget-container\">\n\t\t\t\t\t\t\t\t\t<p data-pm-slice=\"1 1 []\">2010 Winner in the &#8220;Wines&#8221; category\u00a0 \u00a0 \u00a0 \u00a0 \u00a0 \u00a0 \u00a0 \u00a0 \u00a0 \u00a0 \u00a0 \u00a0 &#8220;Soir\u00e9e \u00e0 Ros\u00e9&#8221; project renamed &#8220;<a href=\"https:\/\/cote-des-roses.vin\/\" target=\"_blank\" rel=\"noopener\">C\u00f4te des Roses<\/a>&#8220;.<\/p>\t\t\t\t\t\t\t\t<\/div>\n\t\t\t\t<\/div>\n\t\t\t\t<div class=\"elementor-element elementor-element-4443575 elementor-widget elementor-widget-text-editor\" data-id=\"4443575\" data-element_type=\"widget\" data-e-type=\"widget\" data-widget_type=\"text-editor.default\">\n\t\t\t\t<div class=\"elementor-widget-container\">\n\t\t\t\t\t\t\t\t\t<p>A bottle embodying elegance and singularity thanks to its unique design and rose-shaped bottom.&#8221;<\/p>\t\t\t\t\t\t\t\t<\/div>\n\t\t\t\t<\/div>\n\t\t\t\t\t<\/div>\n\t\t\t\t<\/div>\n\t\t\t\t\t<\/div>\n\t\t\t\t<\/div>\n\t\t\t\t\t<\/div>\n\t\t\t\t<\/div>\n\t\t\t\t\t<\/div>\n\t\t\t\t<\/div>\n\t\t<div class=\"elementor-element elementor-element-28d1c18 e-flex e-con-boxed e-con e-parent\" data-id=\"28d1c18\" data-element_type=\"container\" data-e-type=\"container\">\n\t\t\t\t\t<div class=\"e-con-inner\">\n\t\t\t\t<div class=\"elementor-element elementor-element-72d1cfb elementor-widget elementor-widget-heading\" data-id=\"72d1cfb\" data-element_type=\"widget\" data-e-type=\"widget\" data-widget_type=\"heading.default\">\n\t\t\t\t<div class=\"elementor-widget-container\">\n\t\t\t\t\t<h2 class=\"elementor-heading-title elementor-size-default\">The \"Soir\u00e9e \u00e0 Ros\u00e9\" bottle\n<br>A floral elegance that won a prize in the first edition<\/h2>\t\t\t\t<\/div>\n\t\t\t\t<\/div>\n\t\t\t\t<div class=\"elementor-element elementor-element-010ea87 elementor-widget__width-initial elementor-widget-mobile__width-inherit elementor-widget elementor-widget-text-editor\" data-id=\"010ea87\" data-element_type=\"widget\" data-e-type=\"widget\" data-widget_type=\"text-editor.default\">\n\t\t\t\t<div class=\"elementor-widget-container\">\n\t\t\t\t\t\t\t\t\t<p data-pm-slice=\"1 1 []\">Inspired by her visit to the Verallia plant in Oiry, M\u00e9litine expressed her unique vision by playing with the traditional codes in wine. By combining the molten glass drop with floral elegance, she created a bottle that turns convention on end, celebrating the union of the masculinity of wine and the femininity of flowers. Launched by Gerard Bertrand under the name C\u00f4te des Roses (AOP Languedoc), it has been a great success in France and the United States.<\/p>\t\t\t\t\t\t\t\t<\/div>\n\t\t\t\t<\/div>\n\t\t\t\t\t<\/div>\n\t\t\t\t<\/div>\n\t\t<div class=\"elementor-element elementor-element-424a2ba e-flex e-con-boxed e-con e-parent\" data-id=\"424a2ba\" data-element_type=\"container\" data-e-type=\"container\" data-settings=\"{&quot;background_background&quot;:&quot;classic&quot;}\">\n\t\t\t\t\t<div class=\"e-con-inner\">\n\t\t\t\t<div class=\"elementor-element elementor-element-5964733 elementor-widget elementor-widget-heading\" data-id=\"5964733\" data-element_type=\"widget\" data-e-type=\"widget\" data-widget_type=\"heading.default\">\n\t\t\t\t<div class=\"elementor-widget-container\">\n\t\t\t\t\t<h2 class=\"elementor-heading-title elementor-size-default\">Customer testimonials<\/h2>\t\t\t\t<\/div>\n\t\t\t\t<\/div>\n\t\t\t\t<div class=\"elementor-element elementor-element-52380be elementor-widget elementor-widget-text-editor\" data-id=\"52380be\" data-element_type=\"widget\" data-e-type=\"widget\" data-widget_type=\"text-editor.default\">\n\t\t\t\t<div class=\"elementor-widget-container\">\n\t\t\t\t\t\t\t\t\t<div class=\"inside\"><p data-pm-slice=\"1 1 []\">We see wine as a whole. We believe in the coherence of a wine, from the terroir to the way we present it. All our choices are made with great attention to detail. Bottle shapes, labels, corks. This involves exclusive bottles, as is the case for the C\u00f4te des Roses bottle.<\/p><\/div><footer class=\"cite\"><\/footer>\t\t\t\t\t\t\t\t<\/div>\n\t\t\t\t<\/div>\n\t\t<div class=\"elementor-element elementor-element-7f0b431 e-flex e-con-boxed e-con e-parent\" data-id=\"7f0b431\" data-element_type=\"container\" data-e-type=\"container\">\n\t\t\t\t\t<div class=\"e-con-inner\">\n\t\t\t\t<div class=\"elementor-element elementor-element-8edfcb7 elementor-widget elementor-widget-image\" data-id=\"8edfcb7\" data-element_type=\"widget\" data-e-type=\"widget\" data-widget_type=\"image.default\">\n\t\t\t\t<div class=\"elementor-widget-container\">\n\t\t\t\t\t\t\t\t\t\t\t\t\t\t\t<img decoding=\"async\" width=\"150\" height=\"150\" src=\"https:\/\/design.awards.verallia.fr\/wp-content\/uploads\/2023\/08\/motdupresident-150x150.jpg\" class=\"attachment-thumbnail size-thumbnail wp-image-29935\" alt=\"\" \/>\t\t\t\t\t\t\t\t\t\t\t\t\t\t\t<\/div>\n\t\t\t\t<\/div>\n\t\t\t\t<div class=\"elementor-element elementor-element-074325e elementor-widget elementor-widget-text-editor\" data-id=\"074325e\" data-element_type=\"widget\" data-e-type=\"widget\" data-widget_type=\"text-editor.default\">\n\t\t\t\t<div class=\"elementor-widget-container\">\n\t\t\t\t\t\t\t\t\t<p><strong>G\u00e9rard Bertrand<\/strong><br \/>President at G\u00e9rard Bertrand Wines<\/p>\t\t\t\t\t\t\t\t<\/div>\n\t\t\t\t<\/div>\n\t\t\t\t\t<\/div>\n\t\t\t\t<\/div>\n\t\t\t\t\t<\/div>\n\t\t\t\t<\/div>\n\t\t<div class=\"elementor-element elementor-element-4eebbc0 e-con-full e-flex e-con e-parent\" data-id=\"4eebbc0\" data-element_type=\"container\" data-e-type=\"container\">\n\t\t\t\t<div class=\"elementor-element elementor-element-268f143 elementor-widget elementor-widget-image\" data-id=\"268f143\" data-element_type=\"widget\" data-e-type=\"widget\" data-widget_type=\"image.default\">\n\t\t\t\t<div class=\"elementor-widget-container\">\n\t\t\t\t\t\t\t\t\t\t\t\t\t\t\t<img decoding=\"async\" width=\"360\" height=\"460\" src=\"https:\/\/design.awards.verallia.fr\/wp-content\/uploads\/2023\/05\/CoteDeRose2.jpg\" class=\"attachment-large size-large wp-image-21966\" alt=\"Commercialisation de la bouteilles design prim\u00e9\" srcset=\"https:\/\/design.awards.verallia.fr\/wp-content\/uploads\/2023\/05\/CoteDeRose2.jpg 360w, https:\/\/design.awards.verallia.fr\/wp-content\/uploads\/2023\/05\/CoteDeRose2-235x300.jpg 235w\" sizes=\"(max-width: 360px) 100vw, 360px\" \/>\t\t\t\t\t\t\t\t\t\t\t\t\t\t\t<\/div>\n\t\t\t\t<\/div>\n\t\t\t\t<div class=\"elementor-element elementor-element-ec63645 elementor-widget elementor-widget-image\" data-id=\"ec63645\" data-element_type=\"widget\" data-e-type=\"widget\" data-widget_type=\"image.default\">\n\t\t\t\t<div class=\"elementor-widget-container\">\n\t\t\t\t\t\t\t\t\t\t\t\t\t\t\t<img loading=\"lazy\" decoding=\"async\" width=\"400\" height=\"460\" src=\"https:\/\/design.awards.verallia.fr\/wp-content\/uploads\/2023\/05\/CoteDeRoses5.jpg\" class=\"attachment-large size-large wp-image-21993\" alt=\"Commercialisation de la bouteilles design prim\u00e92\" srcset=\"https:\/\/design.awards.verallia.fr\/wp-content\/uploads\/2023\/05\/CoteDeRoses5.jpg 400w, https:\/\/design.awards.verallia.fr\/wp-content\/uploads\/2023\/05\/CoteDeRoses5-261x300.jpg 261w\" sizes=\"(max-width: 400px) 100vw, 400px\" \/>\t\t\t\t\t\t\t\t\t\t\t\t\t\t\t<\/div>\n\t\t\t\t<\/div>\n\t\t\t\t<div class=\"elementor-element elementor-element-21fe76d elementor-widget elementor-widget-image\" data-id=\"21fe76d\" data-element_type=\"widget\" data-e-type=\"widget\" data-widget_type=\"image.default\">\n\t\t\t\t<div class=\"elementor-widget-container\">\n\t\t\t\t\t\t\t\t\t\t\t\t\t\t\t<img loading=\"lazy\" decoding=\"async\" width=\"360\" height=\"460\" src=\"https:\/\/design.awards.verallia.fr\/wp-content\/uploads\/2023\/05\/CoteDeRose1.jpg\" class=\"attachment-large size-large wp-image-21961\" alt=\"La bouteilles en verre design prim\u00e9\" srcset=\"https:\/\/design.awards.verallia.fr\/wp-content\/uploads\/2023\/05\/CoteDeRose1.jpg 360w, https:\/\/design.awards.verallia.fr\/wp-content\/uploads\/2023\/05\/CoteDeRose1-235x300.jpg 235w\" sizes=\"(max-width: 360px) 100vw, 360px\" \/>\t\t\t\t\t\t\t\t\t\t\t\t\t\t\t<\/div>\n\t\t\t\t<\/div>\n\t\t\t\t<\/div>\n\t\t<div class=\"elementor-element elementor-element-898bf58 e-flex e-con-boxed e-con e-parent\" data-id=\"898bf58\" data-element_type=\"container\" data-e-type=\"container\">\n\t\t\t\t\t<div class=\"e-con-inner\">\n\t\t\t\t<div class=\"elementor-element elementor-element-4d4b045 elementor-align-center elementor-widget elementor-widget-button\" data-id=\"4d4b045\" data-element_type=\"widget\" data-e-type=\"widget\" data-widget_type=\"button.default\">\n\t\t\t\t<div class=\"elementor-widget-container\">\n\t\t\t\t\t\t\t\t\t<div class=\"elementor-button-wrapper\">\n\t\t\t\t\t<a class=\"elementor-button elementor-button-link elementor-size-sm\" href=\"\/en\/the-success-of-designer-glass-bottles\/\">\n\t\t\t\t\t\t<span class=\"elementor-button-content-wrapper\">\n\t\t\t\t\t\t\t\t\t<span class=\"elementor-button-text\">See all success stories<\/span>\n\t\t\t\t\t<\/span>\n\t\t\t\t\t<\/a>\n\t\t\t\t<\/div>\n\t\t\t\t\t\t\t\t<\/div>\n\t\t\t\t<\/div>\n\t\t\t\t\t<\/div>\n\t\t\t\t<\/div>\n\t\t\t\t<\/div>\n\t\t","protected":false},"excerpt":{"rendered":"<p>Successful glass designers M\u00e9litine Courvoisier 2010 Winner in the &#8220;Wines&#8221; category\u00a0 \u00a0 \u00a0 \u00a0 \u00a0 \u00a0 \u00a0 \u00a0 \u00a0 \u00a0 \u00a0 \u00a0 &#8220;Soir\u00e9e \u00e0 Ros\u00e9&#8221; project renamed &#8220;C\u00f4te des Roses&#8220;. A bottle embodying elegance and singularity thanks to its unique design and rose-shaped bottom.&#8221; The &#8220;Soir\u00e9e \u00e0 Ros\u00e9&#8221; bottle A floral elegance that won a [&hellip;]<\/p>\n","protected":false},"author":1,"featured_media":0,"parent":20166,"menu_order":2,"comment_status":"closed","ping_status":"closed","template":"","meta":{"_acf_changed":false,"footnotes":""},"class_list":["post-27362","page","type-page","status-publish","hentry"],"acf":[],"yoast_head":"<!-- This site is optimized with the Yoast SEO plugin v27.3 - https:\/\/yoast.com\/product\/yoast-seo-wordpress\/ -->\n<title>Soir\u00e9e \u00e0 ros\u00e9 - Verallia Design Awards<\/title>\n<meta name=\"description\" content=\"C\u00f4te des roses, a commercial success and first prize at the 2010 Verallia Design Awards. Design bottle in the shape of a rose.\" \/>\n<meta name=\"robots\" content=\"index, follow, max-snippet:-1, max-image-preview:large, max-video-preview:-1\" \/>\n<link rel=\"canonical\" href=\"https:\/\/design.awards.verallia.fr\/en\/the-success-of-designer-glass-bottles\/soiree-a-rose\/\" \/>\n<meta property=\"og:locale\" content=\"en_US\" \/>\n<meta property=\"og:type\" content=\"article\" \/>\n<meta property=\"og:title\" content=\"Soir\u00e9e \u00e0 ros\u00e9 - Verallia Design Awards\" \/>\n<meta property=\"og:description\" content=\"C\u00f4te des roses, a commercial success and first prize at the 2010 Verallia Design Awards. Design bottle in the shape of a rose.\" \/>\n<meta property=\"og:url\" content=\"https:\/\/design.awards.verallia.fr\/en\/the-success-of-designer-glass-bottles\/soiree-a-rose\/\" \/>\n<meta property=\"og:site_name\" content=\"Verallia Design Awards\" \/>\n<meta property=\"article:modified_time\" content=\"2023-09-07T12:19:05+00:00\" \/>\n<meta property=\"og:image\" content=\"https:\/\/design.awards.verallia.fr\/wp-content\/uploads\/2023\/05\/CoteDeRoses1.jpg\" \/>\n<meta name=\"twitter:card\" content=\"summary_large_image\" \/>\n<meta name=\"twitter:label1\" content=\"Est. reading time\" \/>\n\t<meta name=\"twitter:data1\" content=\"2 minutes\" \/>\n<script type=\"application\/ld+json\" class=\"yoast-schema-graph\">{\"@context\":\"https:\\\/\\\/schema.org\",\"@graph\":[{\"@type\":\"WebPage\",\"@id\":\"https:\\\/\\\/design.awards.verallia.fr\\\/en\\\/the-success-of-designer-glass-bottles\\\/soiree-a-rose\\\/\",\"url\":\"https:\\\/\\\/design.awards.verallia.fr\\\/en\\\/the-success-of-designer-glass-bottles\\\/soiree-a-rose\\\/\",\"name\":\"Soir\u00e9e \u00e0 ros\u00e9 - Verallia Design Awards\",\"isPartOf\":{\"@id\":\"https:\\\/\\\/design.awards.verallia.fr\\\/en\\\/#website\"},\"primaryImageOfPage\":{\"@id\":\"https:\\\/\\\/design.awards.verallia.fr\\\/en\\\/the-success-of-designer-glass-bottles\\\/soiree-a-rose\\\/#primaryimage\"},\"image\":{\"@id\":\"https:\\\/\\\/design.awards.verallia.fr\\\/en\\\/the-success-of-designer-glass-bottles\\\/soiree-a-rose\\\/#primaryimage\"},\"thumbnailUrl\":\"https:\\\/\\\/design.awards.verallia.fr\\\/wp-content\\\/uploads\\\/2023\\\/05\\\/CoteDeRoses1.jpg\",\"datePublished\":\"2023-05-24T13:22:52+00:00\",\"dateModified\":\"2023-09-07T12:19:05+00:00\",\"description\":\"C\u00f4te des roses, a commercial success and first prize at the 2010 Verallia Design Awards. Design bottle in the shape of a rose.\",\"breadcrumb\":{\"@id\":\"https:\\\/\\\/design.awards.verallia.fr\\\/en\\\/the-success-of-designer-glass-bottles\\\/soiree-a-rose\\\/#breadcrumb\"},\"inLanguage\":\"en-US\",\"potentialAction\":[{\"@type\":\"ReadAction\",\"target\":[\"https:\\\/\\\/design.awards.verallia.fr\\\/en\\\/the-success-of-designer-glass-bottles\\\/soiree-a-rose\\\/\"]}]},{\"@type\":\"ImageObject\",\"inLanguage\":\"en-US\",\"@id\":\"https:\\\/\\\/design.awards.verallia.fr\\\/en\\\/the-success-of-designer-glass-bottles\\\/soiree-a-rose\\\/#primaryimage\",\"url\":\"https:\\\/\\\/design.awards.verallia.fr\\\/wp-content\\\/uploads\\\/2023\\\/05\\\/CoteDeRoses1.jpg\",\"contentUrl\":\"https:\\\/\\\/design.awards.verallia.fr\\\/wp-content\\\/uploads\\\/2023\\\/05\\\/CoteDeRoses1.jpg\"},{\"@type\":\"BreadcrumbList\",\"@id\":\"https:\\\/\\\/design.awards.verallia.fr\\\/en\\\/the-success-of-designer-glass-bottles\\\/soiree-a-rose\\\/#breadcrumb\",\"itemListElement\":[{\"@type\":\"ListItem\",\"position\":1,\"name\":\"Accueil\",\"item\":\"https:\\\/\\\/design.awards.verallia.fr\\\/en\\\/\"},{\"@type\":\"ListItem\",\"position\":2,\"name\":\"Success Story\",\"item\":\"https:\\\/\\\/design.awards.verallia.fr\\\/en\\\/the-success-of-designer-glass-bottles\\\/\"},{\"@type\":\"ListItem\",\"position\":3,\"name\":\"Soir\u00e9e \u00e0 ros\u00e9\"}]},{\"@type\":\"WebSite\",\"@id\":\"https:\\\/\\\/design.awards.verallia.fr\\\/en\\\/#website\",\"url\":\"https:\\\/\\\/design.awards.verallia.fr\\\/en\\\/\",\"name\":\"Verallia Design Awards\",\"description\":\"Verallia Design Award, le concours de design du packaging en verre\",\"publisher\":{\"@id\":\"https:\\\/\\\/design.awards.verallia.fr\\\/en\\\/#organization\"},\"potentialAction\":[{\"@type\":\"SearchAction\",\"target\":{\"@type\":\"EntryPoint\",\"urlTemplate\":\"https:\\\/\\\/design.awards.verallia.fr\\\/en\\\/?s={search_term_string}\"},\"query-input\":{\"@type\":\"PropertyValueSpecification\",\"valueRequired\":true,\"valueName\":\"search_term_string\"}}],\"inLanguage\":\"en-US\"},{\"@type\":\"Organization\",\"@id\":\"https:\\\/\\\/design.awards.verallia.fr\\\/en\\\/#organization\",\"name\":\"Verallia Design Awards\",\"url\":\"https:\\\/\\\/design.awards.verallia.fr\\\/en\\\/\",\"logo\":{\"@type\":\"ImageObject\",\"inLanguage\":\"en-US\",\"@id\":\"https:\\\/\\\/design.awards.verallia.fr\\\/en\\\/#\\\/schema\\\/logo\\\/image\\\/\",\"url\":\"https:\\\/\\\/design.awards.verallia.fr\\\/wp-content\\\/uploads\\\/2023\\\/05\\\/logo-small.png\",\"contentUrl\":\"https:\\\/\\\/design.awards.verallia.fr\\\/wp-content\\\/uploads\\\/2023\\\/05\\\/logo-small.png\",\"width\":198,\"height\":117,\"caption\":\"Verallia Design Awards\"},\"image\":{\"@id\":\"https:\\\/\\\/design.awards.verallia.fr\\\/en\\\/#\\\/schema\\\/logo\\\/image\\\/\"}}]}<\/script>\n<!-- \/ Yoast SEO plugin. -->","yoast_head_json":{"title":"Soir\u00e9e \u00e0 ros\u00e9 - Verallia Design Awards","description":"C\u00f4te des roses, a commercial success and first prize at the 2010 Verallia Design Awards. Design bottle in the shape of a rose.","robots":{"index":"index","follow":"follow","max-snippet":"max-snippet:-1","max-image-preview":"max-image-preview:large","max-video-preview":"max-video-preview:-1"},"canonical":"https:\/\/design.awards.verallia.fr\/en\/the-success-of-designer-glass-bottles\/soiree-a-rose\/","og_locale":"en_US","og_type":"article","og_title":"Soir\u00e9e \u00e0 ros\u00e9 - Verallia Design Awards","og_description":"C\u00f4te des roses, a commercial success and first prize at the 2010 Verallia Design Awards. Design bottle in the shape of a rose.","og_url":"https:\/\/design.awards.verallia.fr\/en\/the-success-of-designer-glass-bottles\/soiree-a-rose\/","og_site_name":"Verallia Design Awards","article_modified_time":"2023-09-07T12:19:05+00:00","og_image":[{"url":"https:\/\/design.awards.verallia.fr\/wp-content\/uploads\/2023\/05\/CoteDeRoses1.jpg","type":"","width":"","height":""}],"twitter_card":"summary_large_image","twitter_misc":{"Est. reading time":"2 minutes"},"schema":{"@context":"https:\/\/schema.org","@graph":[{"@type":"WebPage","@id":"https:\/\/design.awards.verallia.fr\/en\/the-success-of-designer-glass-bottles\/soiree-a-rose\/","url":"https:\/\/design.awards.verallia.fr\/en\/the-success-of-designer-glass-bottles\/soiree-a-rose\/","name":"Soir\u00e9e \u00e0 ros\u00e9 - Verallia Design Awards","isPartOf":{"@id":"https:\/\/design.awards.verallia.fr\/en\/#website"},"primaryImageOfPage":{"@id":"https:\/\/design.awards.verallia.fr\/en\/the-success-of-designer-glass-bottles\/soiree-a-rose\/#primaryimage"},"image":{"@id":"https:\/\/design.awards.verallia.fr\/en\/the-success-of-designer-glass-bottles\/soiree-a-rose\/#primaryimage"},"thumbnailUrl":"https:\/\/design.awards.verallia.fr\/wp-content\/uploads\/2023\/05\/CoteDeRoses1.jpg","datePublished":"2023-05-24T13:22:52+00:00","dateModified":"2023-09-07T12:19:05+00:00","description":"C\u00f4te des roses, a commercial success and first prize at the 2010 Verallia Design Awards. Design bottle in the shape of a rose.","breadcrumb":{"@id":"https:\/\/design.awards.verallia.fr\/en\/the-success-of-designer-glass-bottles\/soiree-a-rose\/#breadcrumb"},"inLanguage":"en-US","potentialAction":[{"@type":"ReadAction","target":["https:\/\/design.awards.verallia.fr\/en\/the-success-of-designer-glass-bottles\/soiree-a-rose\/"]}]},{"@type":"ImageObject","inLanguage":"en-US","@id":"https:\/\/design.awards.verallia.fr\/en\/the-success-of-designer-glass-bottles\/soiree-a-rose\/#primaryimage","url":"https:\/\/design.awards.verallia.fr\/wp-content\/uploads\/2023\/05\/CoteDeRoses1.jpg","contentUrl":"https:\/\/design.awards.verallia.fr\/wp-content\/uploads\/2023\/05\/CoteDeRoses1.jpg"},{"@type":"BreadcrumbList","@id":"https:\/\/design.awards.verallia.fr\/en\/the-success-of-designer-glass-bottles\/soiree-a-rose\/#breadcrumb","itemListElement":[{"@type":"ListItem","position":1,"name":"Accueil","item":"https:\/\/design.awards.verallia.fr\/en\/"},{"@type":"ListItem","position":2,"name":"Success Story","item":"https:\/\/design.awards.verallia.fr\/en\/the-success-of-designer-glass-bottles\/"},{"@type":"ListItem","position":3,"name":"Soir\u00e9e \u00e0 ros\u00e9"}]},{"@type":"WebSite","@id":"https:\/\/design.awards.verallia.fr\/en\/#website","url":"https:\/\/design.awards.verallia.fr\/en\/","name":"Verallia Design Awards","description":"Verallia Design Award, le concours de design du packaging en verre","publisher":{"@id":"https:\/\/design.awards.verallia.fr\/en\/#organization"},"potentialAction":[{"@type":"SearchAction","target":{"@type":"EntryPoint","urlTemplate":"https:\/\/design.awards.verallia.fr\/en\/?s={search_term_string}"},"query-input":{"@type":"PropertyValueSpecification","valueRequired":true,"valueName":"search_term_string"}}],"inLanguage":"en-US"},{"@type":"Organization","@id":"https:\/\/design.awards.verallia.fr\/en\/#organization","name":"Verallia Design Awards","url":"https:\/\/design.awards.verallia.fr\/en\/","logo":{"@type":"ImageObject","inLanguage":"en-US","@id":"https:\/\/design.awards.verallia.fr\/en\/#\/schema\/logo\/image\/","url":"https:\/\/design.awards.verallia.fr\/wp-content\/uploads\/2023\/05\/logo-small.png","contentUrl":"https:\/\/design.awards.verallia.fr\/wp-content\/uploads\/2023\/05\/logo-small.png","width":198,"height":117,"caption":"Verallia Design Awards"},"image":{"@id":"https:\/\/design.awards.verallia.fr\/en\/#\/schema\/logo\/image\/"}}]}},"_links":{"self":[{"href":"https:\/\/design.awards.verallia.fr\/en\/wp-json\/wp\/v2\/pages\/27362","targetHints":{"allow":["GET"]}}],"collection":[{"href":"https:\/\/design.awards.verallia.fr\/en\/wp-json\/wp\/v2\/pages"}],"about":[{"href":"https:\/\/design.awards.verallia.fr\/en\/wp-json\/wp\/v2\/types\/page"}],"author":[{"embeddable":true,"href":"https:\/\/design.awards.verallia.fr\/en\/wp-json\/wp\/v2\/users\/1"}],"replies":[{"embeddable":true,"href":"https:\/\/design.awards.verallia.fr\/en\/wp-json\/wp\/v2\/comments?post=27362"}],"version-history":[{"count":5,"href":"https:\/\/design.awards.verallia.fr\/en\/wp-json\/wp\/v2\/pages\/27362\/revisions"}],"predecessor-version":[{"id":31078,"href":"https:\/\/design.awards.verallia.fr\/en\/wp-json\/wp\/v2\/pages\/27362\/revisions\/31078"}],"up":[{"embeddable":true,"href":"https:\/\/design.awards.verallia.fr\/en\/wp-json\/wp\/v2\/pages\/20166"}],"wp:attachment":[{"href":"https:\/\/design.awards.verallia.fr\/en\/wp-json\/wp\/v2\/media?parent=27362"}],"curies":[{"name":"wp","href":"https:\/\/api.w.org\/{rel}","templated":true}]}}