{"id":21868,"date":"2023-05-24T14:28:28","date_gmt":"2023-05-24T12:28:28","guid":{"rendered":"https:\/\/design.awards.verallia.fr\/?page_id=21868"},"modified":"2023-09-05T18:20:34","modified_gmt":"2023-09-05T16:20:34","slug":"bouteille-design-flute-gothic","status":"publish","type":"page","link":"https:\/\/design.awards.verallia.fr\/fr\/les-succes-des-bouteilles-en-verre-design\/bouteille-design-flute-gothic\/","title":{"rendered":"Fl\u00fbte Gothic"},"content":{"rendered":"\t\t<div data-elementor-type=\"wp-page\" data-elementor-id=\"21868\" class=\"elementor elementor-21868\" data-elementor-post-type=\"page\">\n\t\t\t\t<div class=\"elementor-element elementor-element-780f33e e-flex e-con-boxed e-con e-parent\" data-id=\"780f33e\" data-element_type=\"container\" data-e-type=\"container\">\n\t\t\t\t\t<div class=\"e-con-inner\">\n\t\t\t\t<div class=\"elementor-element elementor-element-50f7813 elementor-widget__width-initial elementor-widget elementor-widget-image\" data-id=\"50f7813\" data-element_type=\"widget\" data-e-type=\"widget\" data-widget_type=\"image.default\">\n\t\t\t\t<div class=\"elementor-widget-container\">\n\t\t\t\t\t\t\t\t\t\t\t\t\t\t\t<img fetchpriority=\"high\" decoding=\"async\" width=\"571\" height=\"530\" src=\"https:\/\/design.awards.verallia.fr\/wp-content\/uploads\/2023\/05\/2-Flute-Gothic-bouteille.jpg\" class=\"attachment-large size-large wp-image-21882\" alt=\"Succ\u00e8s bouteilles en verre design\" srcset=\"https:\/\/design.awards.verallia.fr\/wp-content\/uploads\/2023\/05\/2-Flute-Gothic-bouteille.jpg 571w, https:\/\/design.awards.verallia.fr\/wp-content\/uploads\/2023\/05\/2-Flute-Gothic-bouteille-300x278.jpg 300w\" sizes=\"(max-width: 571px) 100vw, 571px\" \/>\t\t\t\t\t\t\t\t\t\t\t\t\t\t\t<\/div>\n\t\t\t\t<\/div>\n\t\t<div class=\"elementor-element elementor-element-d7a7ddc e-flex e-con-boxed e-con e-child\" data-id=\"d7a7ddc\" data-element_type=\"container\" data-e-type=\"container\">\n\t\t\t\t\t<div class=\"e-con-inner\">\n\t\t\t\t<div class=\"elementor-element elementor-element-634a94e elementor-widget elementor-widget-heading\" data-id=\"634a94e\" data-element_type=\"widget\" data-e-type=\"widget\" data-widget_type=\"heading.default\">\n\t\t\t\t<div class=\"elementor-widget-container\">\n\t\t\t\t\t<h1 class=\"elementor-heading-title elementor-size-default\">Succ\u00e8s designer verre<\/h1>\t\t\t\t<\/div>\n\t\t\t\t<\/div>\n\t\t\t\t<div class=\"elementor-element elementor-element-363ea89 elementor-blockquote--skin-clean elementor-blockquote--align-left elementor-widget__width-initial elementor-widget elementor-widget-blockquote\" data-id=\"363ea89\" data-element_type=\"widget\" data-e-type=\"widget\" data-widget_type=\"blockquote.default\">\n\t\t\t\t<div class=\"elementor-widget-container\">\n\t\t\t\t\t\t\t<blockquote class=\"elementor-blockquote\">\n\t\t\t<p class=\"elementor-blockquote__content\">\n\t\t\t\tClara &amp; Maxence\t\t\t<\/p>\n\t\t\t\t\t<\/blockquote>\n\t\t\t\t\t\t<\/div>\n\t\t\t\t<\/div>\n\t\t<div class=\"elementor-element elementor-element-845ff90 e-flex e-con-boxed e-con e-child\" data-id=\"845ff90\" data-element_type=\"container\" data-e-type=\"container\">\n\t\t\t\t\t<div class=\"e-con-inner\">\n\t\t\t\t<div class=\"elementor-element elementor-element-0f816f9 elementor-widget__width-initial elementor-widget elementor-widget-image\" data-id=\"0f816f9\" data-element_type=\"widget\" data-e-type=\"widget\" data-widget_type=\"image.default\">\n\t\t\t\t<div class=\"elementor-widget-container\">\n\t\t\t\t\t\t\t\t\t\t\t\t\t\t\t<img decoding=\"async\" width=\"341\" height=\"361\" src=\"https:\/\/design.awards.verallia.fr\/wp-content\/uploads\/2023\/05\/laureatDesigner-MaxenceEtClara.jpg\" class=\"attachment-large size-large wp-image-21887\" alt=\"Laur\u00e9ats et succ\u00e8s commercial pour nos designers\" srcset=\"https:\/\/design.awards.verallia.fr\/wp-content\/uploads\/2023\/05\/laureatDesigner-MaxenceEtClara.jpg 341w, https:\/\/design.awards.verallia.fr\/wp-content\/uploads\/2023\/05\/laureatDesigner-MaxenceEtClara-283x300.jpg 283w\" sizes=\"(max-width: 341px) 100vw, 341px\" \/>\t\t\t\t\t\t\t\t\t\t\t\t\t\t\t<\/div>\n\t\t\t\t<\/div>\n\t\t<div class=\"elementor-element elementor-element-c621e20 e-flex e-con-boxed e-con e-child\" data-id=\"c621e20\" data-element_type=\"container\" data-e-type=\"container\">\n\t\t\t\t\t<div class=\"e-con-inner\">\n\t\t\t\t<div class=\"elementor-element elementor-element-702f651 elementor-widget elementor-widget-text-editor\" data-id=\"702f651\" data-element_type=\"widget\" data-e-type=\"widget\" data-widget_type=\"text-editor.default\">\n\t\t\t\t<div class=\"elementor-widget-container\">\n\t\t\t\t\t\t\t\t\t<p>Laur\u00e9ats 2018 dans la cat\u00e9gorie \u00ab Vins \u00bb<br \/>Projet \u00ab Arcadia \u00bb renomm\u00e9 \u00ab Fl\u00fbte Gothic \u00bb<\/p>\t\t\t\t\t\t\t\t<\/div>\n\t\t\t\t<\/div>\n\t\t\t\t<div class=\"elementor-element elementor-element-4443575 elementor-widget elementor-widget-text-editor\" data-id=\"4443575\" data-element_type=\"widget\" data-e-type=\"widget\" data-widget_type=\"text-editor.default\">\n\t\t\t\t<div class=\"elementor-widget-container\">\n\t\t\t\t\t\t\t\t\t<p>Choisi par <a href=\"https:\/\/www.paulmas.com\/actualite\/la-flute-gothic\/\" target=\"_blank\" rel=\"noopener\">Paul Mas<\/a> pour la gamme &#8220;ma\/mon&#8221;<br \/>Bouteille commercialis\u00e9e depuis 2021 en France.<\/p>\t\t\t\t\t\t\t\t<\/div>\n\t\t\t\t<\/div>\n\t\t\t\t\t<\/div>\n\t\t\t\t<\/div>\n\t\t\t\t\t<\/div>\n\t\t\t\t<\/div>\n\t\t\t\t\t<\/div>\n\t\t\t\t<\/div>\n\t\t\t\t\t<\/div>\n\t\t\t\t<\/div>\n\t\t<div class=\"elementor-element elementor-element-28d1c18 e-flex e-con-boxed e-con e-parent\" data-id=\"28d1c18\" data-element_type=\"container\" data-e-type=\"container\">\n\t\t\t\t\t<div class=\"e-con-inner\">\n\t\t\t\t<div class=\"elementor-element elementor-element-72d1cfb elementor-widget elementor-widget-heading\" data-id=\"72d1cfb\" data-element_type=\"widget\" data-e-type=\"widget\" data-widget_type=\"heading.default\">\n\t\t\t\t<div class=\"elementor-widget-container\">\n\t\t\t\t\t<h2 class=\"elementor-heading-title elementor-size-default\">A la d\u00e9couverte de la fabrication<br> des bouteilles en verre commercialis\u00e9es<\/h2>\t\t\t\t<\/div>\n\t\t\t\t<\/div>\n\t\t\t\t<div class=\"elementor-element elementor-element-010ea87 elementor-widget__width-initial elementor-widget-mobile__width-inherit elementor-widget elementor-widget-text-editor\" data-id=\"010ea87\" data-element_type=\"widget\" data-e-type=\"widget\" data-widget_type=\"text-editor.default\">\n\t\t\t\t<div class=\"elementor-widget-container\">\n\t\t\t\t\t\t\t\t\t<p data-pm-slice=\"0 0 []\">\u00c0 la recherche de l&#8217;expression authentique de ses vins d&#8217;exception, Jean-Claude Mas a trouv\u00e9 la bouteille qui refl\u00e8te sa philosophie du luxe rural gr\u00e2ce aux Verallia Design Awards. D\u00e9couvrez la bouteille fl\u00fbte Gothic au design organic, con\u00e7ue pour capturer la singularit\u00e9 de ses cuv\u00e9es particuli\u00e8res.<\/p>\t\t\t\t\t\t\t\t<\/div>\n\t\t\t\t<\/div>\n\t\t\t\t<div class=\"elementor-element elementor-element-96c1101 elementor-widget elementor-widget-html\" data-id=\"96c1101\" data-element_type=\"widget\" data-e-type=\"widget\" data-widget_type=\"html.default\">\n\t\t\t\t<div class=\"elementor-widget-container\">\n\t\t\t\t\t<iframe width=\"560\" height=\"620\" src=\"https:\/\/www.youtube-nocookie.com\/embed\/Nrwxnoi3fuM?si=OqyLLRfuLuV-t_Kp\" title=\"YouTube video player\" frameborder=\"0\" allow=\"accelerometer; autoplay; clipboard-write; encrypted-media; gyroscope; picture-in-picture; web-share\" allowfullscreen><\/iframe>\t\t\t\t<\/div>\n\t\t\t\t<\/div>\n\t\t\t\t\t<\/div>\n\t\t\t\t<\/div>\n\t\t<div class=\"elementor-element elementor-element-424a2ba e-flex e-con-boxed e-con e-parent\" data-id=\"424a2ba\" data-element_type=\"container\" data-e-type=\"container\" data-settings=\"{&quot;background_background&quot;:&quot;classic&quot;}\">\n\t\t\t\t\t<div class=\"e-con-inner\">\n\t\t\t\t<div class=\"elementor-element elementor-element-5964733 elementor-widget elementor-widget-heading\" data-id=\"5964733\" data-element_type=\"widget\" data-e-type=\"widget\" data-widget_type=\"heading.default\">\n\t\t\t\t<div class=\"elementor-widget-container\">\n\t\t\t\t\t<h2 class=\"elementor-heading-title elementor-size-default\">Le mot du client<\/h2>\t\t\t\t<\/div>\n\t\t\t\t<\/div>\n\t\t\t\t<div class=\"elementor-element elementor-element-52380be elementor-widget elementor-widget-text-editor\" data-id=\"52380be\" data-element_type=\"widget\" data-e-type=\"widget\" data-widget_type=\"text-editor.default\">\n\t\t\t\t<div class=\"elementor-widget-container\">\n\t\t\t\t\t\t\t\t\t<div class=\"inside\"><p data-pm-slice=\"1 1 []\">La fl\u00fbte Gothic concorde avec la philosophie du Luxe rural pour donner aux vins de Jean-Claude Mas ses lettres de noblesse.<\/p><\/div><footer class=\"cite\"><\/footer>\t\t\t\t\t\t\t\t<\/div>\n\t\t\t\t<\/div>\n\t\t<div class=\"elementor-element elementor-element-99e148a e-flex e-con-boxed e-con e-child\" data-id=\"99e148a\" data-element_type=\"container\" data-e-type=\"container\">\n\t\t\t\t\t<div class=\"e-con-inner\">\n\t\t\t\t<div class=\"elementor-element elementor-element-f20dae7 elementor-widget elementor-widget-image\" data-id=\"f20dae7\" data-element_type=\"widget\" data-e-type=\"widget\" data-widget_type=\"image.default\">\n\t\t\t\t<div class=\"elementor-widget-container\">\n\t\t\t\t\t\t\t\t\t\t\t\t\t\t\t<img decoding=\"async\" width=\"341\" height=\"341\" src=\"https:\/\/design.awards.verallia.fr\/wp-content\/uploads\/2023\/06\/success-client-mas.png\" class=\"attachment-large size-large wp-image-23591\" alt=\"Jean-Claude Mas\" srcset=\"https:\/\/design.awards.verallia.fr\/wp-content\/uploads\/2023\/06\/success-client-mas.png 341w, https:\/\/design.awards.verallia.fr\/wp-content\/uploads\/2023\/06\/success-client-mas-300x300.png 300w, https:\/\/design.awards.verallia.fr\/wp-content\/uploads\/2023\/06\/success-client-mas-150x150.png 150w\" sizes=\"(max-width: 341px) 100vw, 341px\" \/>\t\t\t\t\t\t\t\t\t\t\t\t\t\t\t<\/div>\n\t\t\t\t<\/div>\n\t\t\t\t<div class=\"elementor-element elementor-element-4218a94 elementor-widget elementor-widget-text-editor\" data-id=\"4218a94\" data-element_type=\"widget\" data-e-type=\"widget\" data-widget_type=\"text-editor.default\">\n\t\t\t\t<div class=\"elementor-widget-container\">\n\t\t\t\t\t\t\t\t\t<p><strong>Jean-Claude Mas<\/strong><br \/>Fondateur des Domaines Paul Mas<\/p>\t\t\t\t\t\t\t\t<\/div>\n\t\t\t\t<\/div>\n\t\t\t\t\t<\/div>\n\t\t\t\t<\/div>\n\t\t\t\t\t<\/div>\n\t\t\t\t<\/div>\n\t\t<div class=\"elementor-element elementor-element-4eebbc0 e-con-full e-flex e-con e-parent\" data-id=\"4eebbc0\" data-element_type=\"container\" data-e-type=\"container\">\n\t\t\t\t<div class=\"elementor-element elementor-element-ec63645 elementor-widget elementor-widget-image\" data-id=\"ec63645\" data-element_type=\"widget\" data-e-type=\"widget\" data-widget_type=\"image.default\">\n\t\t\t\t<div class=\"elementor-widget-container\">\n\t\t\t\t\t\t\t\t\t\t\t\t\t\t\t<img loading=\"lazy\" decoding=\"async\" width=\"620\" height=\"460\" src=\"https:\/\/design.awards.verallia.fr\/wp-content\/uploads\/2023\/05\/FluteGothic3.jpg\" class=\"attachment-large size-large wp-image-21916\" alt=\"Laur\u00e9ats et succ\u00e8s commercial pour nos designers\" srcset=\"https:\/\/design.awards.verallia.fr\/wp-content\/uploads\/2023\/05\/FluteGothic3.jpg 620w, https:\/\/design.awards.verallia.fr\/wp-content\/uploads\/2023\/05\/FluteGothic3-300x223.jpg 300w\" sizes=\"(max-width: 620px) 100vw, 620px\" \/>\t\t\t\t\t\t\t\t\t\t\t\t\t\t\t<\/div>\n\t\t\t\t<\/div>\n\t\t\t\t<div class=\"elementor-element elementor-element-268f143 elementor-widget elementor-widget-image\" data-id=\"268f143\" data-element_type=\"widget\" data-e-type=\"widget\" data-widget_type=\"image.default\">\n\t\t\t\t<div class=\"elementor-widget-container\">\n\t\t\t\t\t\t\t\t\t\t\t\t\t\t\t<img loading=\"lazy\" decoding=\"async\" width=\"360\" height=\"460\" src=\"https:\/\/design.awards.verallia.fr\/wp-content\/uploads\/2023\/05\/FluteGothic1.jpg\" class=\"attachment-large size-large wp-image-21912\" alt=\"Bouteilles en verres design commercialis\u00e9\" srcset=\"https:\/\/design.awards.verallia.fr\/wp-content\/uploads\/2023\/05\/FluteGothic1.jpg 360w, https:\/\/design.awards.verallia.fr\/wp-content\/uploads\/2023\/05\/FluteGothic1-235x300.jpg 235w\" sizes=\"(max-width: 360px) 100vw, 360px\" \/>\t\t\t\t\t\t\t\t\t\t\t\t\t\t\t<\/div>\n\t\t\t\t<\/div>\n\t\t\t\t<div class=\"elementor-element elementor-element-21fe76d elementor-widget elementor-widget-image\" data-id=\"21fe76d\" data-element_type=\"widget\" data-e-type=\"widget\" data-widget_type=\"image.default\">\n\t\t\t\t<div class=\"elementor-widget-container\">\n\t\t\t\t\t\t\t\t\t\t\t\t\t\t\t<img loading=\"lazy\" decoding=\"async\" width=\"620\" height=\"460\" src=\"https:\/\/design.awards.verallia.fr\/wp-content\/uploads\/2023\/05\/FluteGothic2.jpg\" class=\"attachment-large size-large wp-image-21914\" alt=\"Bouteille en verre design en commercialisation\" srcset=\"https:\/\/design.awards.verallia.fr\/wp-content\/uploads\/2023\/05\/FluteGothic2.jpg 620w, https:\/\/design.awards.verallia.fr\/wp-content\/uploads\/2023\/05\/FluteGothic2-300x223.jpg 300w\" sizes=\"(max-width: 620px) 100vw, 620px\" \/>\t\t\t\t\t\t\t\t\t\t\t\t\t\t\t<\/div>\n\t\t\t\t<\/div>\n\t\t\t\t<\/div>\n\t\t<div class=\"elementor-element elementor-element-898bf58 e-flex e-con-boxed e-con e-parent\" data-id=\"898bf58\" data-element_type=\"container\" data-e-type=\"container\">\n\t\t\t\t\t<div class=\"e-con-inner\">\n\t\t\t\t<div class=\"elementor-element elementor-element-4d4b045 elementor-align-center elementor-widget elementor-widget-button\" data-id=\"4d4b045\" data-element_type=\"widget\" data-e-type=\"widget\" data-widget_type=\"button.default\">\n\t\t\t\t<div class=\"elementor-widget-container\">\n\t\t\t\t\t\t\t\t\t<div class=\"elementor-button-wrapper\">\n\t\t\t\t\t<a class=\"elementor-button elementor-button-link elementor-size-sm\" href=\"\/fr\/les-succes-des-bouteilles-en-verre-design\/\">\n\t\t\t\t\t\t<span class=\"elementor-button-content-wrapper\">\n\t\t\t\t\t\t\t\t\t<span class=\"elementor-button-text\">Voir tous les succ\u00e8s<\/span>\n\t\t\t\t\t<\/span>\n\t\t\t\t\t<\/a>\n\t\t\t\t<\/div>\n\t\t\t\t\t\t\t\t<\/div>\n\t\t\t\t<\/div>\n\t\t\t\t\t<\/div>\n\t\t\t\t<\/div>\n\t\t\t\t<\/div>\n\t\t","protected":false},"excerpt":{"rendered":"<p>Succ\u00e8s designer verre Clara &#038; Maxence Laur\u00e9ats 2018 dans la cat\u00e9gorie \u00ab Vins \u00bbProjet \u00ab Arcadia \u00bb renomm\u00e9 \u00ab Fl\u00fbte Gothic \u00bb Choisi par Paul Mas pour la gamme &#8220;ma\/mon&#8221;Bouteille commercialis\u00e9e depuis 2021 en France. A la d\u00e9couverte de la fabrication des bouteilles en verre commercialis\u00e9es \u00c0 la recherche de l&#8217;expression authentique de ses vins [&hellip;]<\/p>\n","protected":false},"author":2192,"featured_media":0,"parent":51,"menu_order":2,"comment_status":"closed","ping_status":"closed","template":"","meta":{"_acf_changed":false,"footnotes":""},"class_list":["post-21868","page","type-page","status-publish","hentry"],"acf":[],"yoast_head":"<!-- This site is optimized with the Yoast SEO plugin v27.3 - https:\/\/yoast.com\/product\/yoast-seo-wordpress\/ -->\n<title>Bouteille design Fl\u00fbte Gothic - Verallia Design Awards<\/title>\n<meta name=\"description\" content=\"Flute gothic, derni\u00e8re histoire \u00e0 succ\u00e8s des Verallia Design Awards (2018), bouteille au design facett\u00e9e.\" \/>\n<meta name=\"robots\" content=\"index, follow, max-snippet:-1, max-image-preview:large, max-video-preview:-1\" \/>\n<link rel=\"canonical\" href=\"https:\/\/design.awards.verallia.fr\/fr\/les-succes-des-bouteilles-en-verre-design\/bouteille-design-flute-gothic\/\" \/>\n<meta property=\"og:locale\" content=\"fr_FR\" \/>\n<meta property=\"og:type\" content=\"article\" \/>\n<meta property=\"og:title\" content=\"Bouteille design Fl\u00fbte Gothic - Verallia Design Awards\" \/>\n<meta property=\"og:description\" content=\"Flute gothic, derni\u00e8re histoire \u00e0 succ\u00e8s des Verallia Design Awards (2018), bouteille au design facett\u00e9e.\" \/>\n<meta property=\"og:url\" content=\"https:\/\/design.awards.verallia.fr\/fr\/les-succes-des-bouteilles-en-verre-design\/bouteille-design-flute-gothic\/\" \/>\n<meta property=\"og:site_name\" content=\"Verallia Design Awards\" \/>\n<meta property=\"article:modified_time\" content=\"2023-09-05T16:20:34+00:00\" \/>\n<meta property=\"og:image\" content=\"https:\/\/design.awards.verallia.fr\/wp-content\/uploads\/2023\/05\/2-Flute-Gothic-bouteille.jpg\" \/>\n<meta name=\"twitter:card\" content=\"summary_large_image\" \/>\n<meta name=\"twitter:label1\" content=\"Dur\u00e9e de lecture estim\u00e9e\" \/>\n\t<meta name=\"twitter:data1\" content=\"2 minutes\" \/>\n<script type=\"application\/ld+json\" class=\"yoast-schema-graph\">{\"@context\":\"https:\\\/\\\/schema.org\",\"@graph\":[{\"@type\":\"WebPage\",\"@id\":\"https:\\\/\\\/design.awards.verallia.fr\\\/fr\\\/les-succes-des-bouteilles-en-verre-design\\\/bouteille-design-flute-gothic\\\/\",\"url\":\"https:\\\/\\\/design.awards.verallia.fr\\\/fr\\\/les-succes-des-bouteilles-en-verre-design\\\/bouteille-design-flute-gothic\\\/\",\"name\":\"Bouteille design Fl\u00fbte Gothic - Verallia Design Awards\",\"isPartOf\":{\"@id\":\"https:\\\/\\\/design.awards.verallia.fr\\\/fr\\\/#website\"},\"primaryImageOfPage\":{\"@id\":\"https:\\\/\\\/design.awards.verallia.fr\\\/fr\\\/les-succes-des-bouteilles-en-verre-design\\\/bouteille-design-flute-gothic\\\/#primaryimage\"},\"image\":{\"@id\":\"https:\\\/\\\/design.awards.verallia.fr\\\/fr\\\/les-succes-des-bouteilles-en-verre-design\\\/bouteille-design-flute-gothic\\\/#primaryimage\"},\"thumbnailUrl\":\"https:\\\/\\\/design.awards.verallia.fr\\\/wp-content\\\/uploads\\\/2023\\\/05\\\/2-Flute-Gothic-bouteille.jpg\",\"datePublished\":\"2023-05-24T12:28:28+00:00\",\"dateModified\":\"2023-09-05T16:20:34+00:00\",\"description\":\"Flute gothic, derni\u00e8re histoire \u00e0 succ\u00e8s des Verallia Design Awards (2018), bouteille au design facett\u00e9e.\",\"breadcrumb\":{\"@id\":\"https:\\\/\\\/design.awards.verallia.fr\\\/fr\\\/les-succes-des-bouteilles-en-verre-design\\\/bouteille-design-flute-gothic\\\/#breadcrumb\"},\"inLanguage\":\"fr-FR\",\"potentialAction\":[{\"@type\":\"ReadAction\",\"target\":[\"https:\\\/\\\/design.awards.verallia.fr\\\/fr\\\/les-succes-des-bouteilles-en-verre-design\\\/bouteille-design-flute-gothic\\\/\"]}]},{\"@type\":\"ImageObject\",\"inLanguage\":\"fr-FR\",\"@id\":\"https:\\\/\\\/design.awards.verallia.fr\\\/fr\\\/les-succes-des-bouteilles-en-verre-design\\\/bouteille-design-flute-gothic\\\/#primaryimage\",\"url\":\"https:\\\/\\\/design.awards.verallia.fr\\\/wp-content\\\/uploads\\\/2023\\\/05\\\/2-Flute-Gothic-bouteille.jpg\",\"contentUrl\":\"https:\\\/\\\/design.awards.verallia.fr\\\/wp-content\\\/uploads\\\/2023\\\/05\\\/2-Flute-Gothic-bouteille.jpg\"},{\"@type\":\"BreadcrumbList\",\"@id\":\"https:\\\/\\\/design.awards.verallia.fr\\\/fr\\\/les-succes-des-bouteilles-en-verre-design\\\/bouteille-design-flute-gothic\\\/#breadcrumb\",\"itemListElement\":[{\"@type\":\"ListItem\",\"position\":1,\"name\":\"Accueil\",\"item\":\"https:\\\/\\\/design.awards.verallia.fr\\\/fr\\\/\"},{\"@type\":\"ListItem\",\"position\":2,\"name\":\"Histoires \u00e0 succ\u00e8s\",\"item\":\"https:\\\/\\\/design.awards.verallia.fr\\\/fr\\\/les-succes-des-bouteilles-en-verre-design\\\/\"},{\"@type\":\"ListItem\",\"position\":3,\"name\":\"Fl\u00fbte Gothic\"}]},{\"@type\":\"WebSite\",\"@id\":\"https:\\\/\\\/design.awards.verallia.fr\\\/fr\\\/#website\",\"url\":\"https:\\\/\\\/design.awards.verallia.fr\\\/fr\\\/\",\"name\":\"Verallia Design Awards\",\"description\":\"Verallia Design Award, le concours de design du packaging en verre\",\"publisher\":{\"@id\":\"https:\\\/\\\/design.awards.verallia.fr\\\/fr\\\/#organization\"},\"potentialAction\":[{\"@type\":\"SearchAction\",\"target\":{\"@type\":\"EntryPoint\",\"urlTemplate\":\"https:\\\/\\\/design.awards.verallia.fr\\\/fr\\\/?s={search_term_string}\"},\"query-input\":{\"@type\":\"PropertyValueSpecification\",\"valueRequired\":true,\"valueName\":\"search_term_string\"}}],\"inLanguage\":\"fr-FR\"},{\"@type\":\"Organization\",\"@id\":\"https:\\\/\\\/design.awards.verallia.fr\\\/fr\\\/#organization\",\"name\":\"Verallia Design Awards\",\"url\":\"https:\\\/\\\/design.awards.verallia.fr\\\/fr\\\/\",\"logo\":{\"@type\":\"ImageObject\",\"inLanguage\":\"fr-FR\",\"@id\":\"https:\\\/\\\/design.awards.verallia.fr\\\/fr\\\/#\\\/schema\\\/logo\\\/image\\\/\",\"url\":\"https:\\\/\\\/design.awards.verallia.fr\\\/wp-content\\\/uploads\\\/2023\\\/05\\\/logo-small.png\",\"contentUrl\":\"https:\\\/\\\/design.awards.verallia.fr\\\/wp-content\\\/uploads\\\/2023\\\/05\\\/logo-small.png\",\"width\":198,\"height\":117,\"caption\":\"Verallia Design Awards\"},\"image\":{\"@id\":\"https:\\\/\\\/design.awards.verallia.fr\\\/fr\\\/#\\\/schema\\\/logo\\\/image\\\/\"}}]}<\/script>\n<!-- \/ Yoast SEO plugin. -->","yoast_head_json":{"title":"Bouteille design Fl\u00fbte Gothic - Verallia Design Awards","description":"Flute gothic, derni\u00e8re histoire \u00e0 succ\u00e8s des Verallia Design Awards (2018), bouteille au design facett\u00e9e.","robots":{"index":"index","follow":"follow","max-snippet":"max-snippet:-1","max-image-preview":"max-image-preview:large","max-video-preview":"max-video-preview:-1"},"canonical":"https:\/\/design.awards.verallia.fr\/fr\/les-succes-des-bouteilles-en-verre-design\/bouteille-design-flute-gothic\/","og_locale":"fr_FR","og_type":"article","og_title":"Bouteille design Fl\u00fbte Gothic - Verallia Design Awards","og_description":"Flute gothic, derni\u00e8re histoire \u00e0 succ\u00e8s des Verallia Design Awards (2018), bouteille au design facett\u00e9e.","og_url":"https:\/\/design.awards.verallia.fr\/fr\/les-succes-des-bouteilles-en-verre-design\/bouteille-design-flute-gothic\/","og_site_name":"Verallia Design Awards","article_modified_time":"2023-09-05T16:20:34+00:00","og_image":[{"url":"https:\/\/design.awards.verallia.fr\/wp-content\/uploads\/2023\/05\/2-Flute-Gothic-bouteille.jpg","type":"","width":"","height":""}],"twitter_card":"summary_large_image","twitter_misc":{"Dur\u00e9e de lecture estim\u00e9e":"2 minutes"},"schema":{"@context":"https:\/\/schema.org","@graph":[{"@type":"WebPage","@id":"https:\/\/design.awards.verallia.fr\/fr\/les-succes-des-bouteilles-en-verre-design\/bouteille-design-flute-gothic\/","url":"https:\/\/design.awards.verallia.fr\/fr\/les-succes-des-bouteilles-en-verre-design\/bouteille-design-flute-gothic\/","name":"Bouteille design Fl\u00fbte Gothic - Verallia Design Awards","isPartOf":{"@id":"https:\/\/design.awards.verallia.fr\/fr\/#website"},"primaryImageOfPage":{"@id":"https:\/\/design.awards.verallia.fr\/fr\/les-succes-des-bouteilles-en-verre-design\/bouteille-design-flute-gothic\/#primaryimage"},"image":{"@id":"https:\/\/design.awards.verallia.fr\/fr\/les-succes-des-bouteilles-en-verre-design\/bouteille-design-flute-gothic\/#primaryimage"},"thumbnailUrl":"https:\/\/design.awards.verallia.fr\/wp-content\/uploads\/2023\/05\/2-Flute-Gothic-bouteille.jpg","datePublished":"2023-05-24T12:28:28+00:00","dateModified":"2023-09-05T16:20:34+00:00","description":"Flute gothic, derni\u00e8re histoire \u00e0 succ\u00e8s des Verallia Design Awards (2018), bouteille au design facett\u00e9e.","breadcrumb":{"@id":"https:\/\/design.awards.verallia.fr\/fr\/les-succes-des-bouteilles-en-verre-design\/bouteille-design-flute-gothic\/#breadcrumb"},"inLanguage":"fr-FR","potentialAction":[{"@type":"ReadAction","target":["https:\/\/design.awards.verallia.fr\/fr\/les-succes-des-bouteilles-en-verre-design\/bouteille-design-flute-gothic\/"]}]},{"@type":"ImageObject","inLanguage":"fr-FR","@id":"https:\/\/design.awards.verallia.fr\/fr\/les-succes-des-bouteilles-en-verre-design\/bouteille-design-flute-gothic\/#primaryimage","url":"https:\/\/design.awards.verallia.fr\/wp-content\/uploads\/2023\/05\/2-Flute-Gothic-bouteille.jpg","contentUrl":"https:\/\/design.awards.verallia.fr\/wp-content\/uploads\/2023\/05\/2-Flute-Gothic-bouteille.jpg"},{"@type":"BreadcrumbList","@id":"https:\/\/design.awards.verallia.fr\/fr\/les-succes-des-bouteilles-en-verre-design\/bouteille-design-flute-gothic\/#breadcrumb","itemListElement":[{"@type":"ListItem","position":1,"name":"Accueil","item":"https:\/\/design.awards.verallia.fr\/fr\/"},{"@type":"ListItem","position":2,"name":"Histoires \u00e0 succ\u00e8s","item":"https:\/\/design.awards.verallia.fr\/fr\/les-succes-des-bouteilles-en-verre-design\/"},{"@type":"ListItem","position":3,"name":"Fl\u00fbte Gothic"}]},{"@type":"WebSite","@id":"https:\/\/design.awards.verallia.fr\/fr\/#website","url":"https:\/\/design.awards.verallia.fr\/fr\/","name":"Verallia Design Awards","description":"Verallia Design Award, le concours de design du packaging en verre","publisher":{"@id":"https:\/\/design.awards.verallia.fr\/fr\/#organization"},"potentialAction":[{"@type":"SearchAction","target":{"@type":"EntryPoint","urlTemplate":"https:\/\/design.awards.verallia.fr\/fr\/?s={search_term_string}"},"query-input":{"@type":"PropertyValueSpecification","valueRequired":true,"valueName":"search_term_string"}}],"inLanguage":"fr-FR"},{"@type":"Organization","@id":"https:\/\/design.awards.verallia.fr\/fr\/#organization","name":"Verallia Design Awards","url":"https:\/\/design.awards.verallia.fr\/fr\/","logo":{"@type":"ImageObject","inLanguage":"fr-FR","@id":"https:\/\/design.awards.verallia.fr\/fr\/#\/schema\/logo\/image\/","url":"https:\/\/design.awards.verallia.fr\/wp-content\/uploads\/2023\/05\/logo-small.png","contentUrl":"https:\/\/design.awards.verallia.fr\/wp-content\/uploads\/2023\/05\/logo-small.png","width":198,"height":117,"caption":"Verallia Design Awards"},"image":{"@id":"https:\/\/design.awards.verallia.fr\/fr\/#\/schema\/logo\/image\/"}}]}},"_links":{"self":[{"href":"https:\/\/design.awards.verallia.fr\/fr\/wp-json\/wp\/v2\/pages\/21868","targetHints":{"allow":["GET"]}}],"collection":[{"href":"https:\/\/design.awards.verallia.fr\/fr\/wp-json\/wp\/v2\/pages"}],"about":[{"href":"https:\/\/design.awards.verallia.fr\/fr\/wp-json\/wp\/v2\/types\/page"}],"author":[{"embeddable":true,"href":"https:\/\/design.awards.verallia.fr\/fr\/wp-json\/wp\/v2\/users\/2192"}],"replies":[{"embeddable":true,"href":"https:\/\/design.awards.verallia.fr\/fr\/wp-json\/wp\/v2\/comments?post=21868"}],"version-history":[{"count":5,"href":"https:\/\/design.awards.verallia.fr\/fr\/wp-json\/wp\/v2\/pages\/21868\/revisions"}],"predecessor-version":[{"id":30990,"href":"https:\/\/design.awards.verallia.fr\/fr\/wp-json\/wp\/v2\/pages\/21868\/revisions\/30990"}],"up":[{"embeddable":true,"href":"https:\/\/design.awards.verallia.fr\/fr\/wp-json\/wp\/v2\/pages\/51"}],"wp:attachment":[{"href":"https:\/\/design.awards.verallia.fr\/fr\/wp-json\/wp\/v2\/media?parent=21868"}],"curies":[{"name":"wp","href":"https:\/\/api.w.org\/{rel}","templated":true}]}}