{"id":21931,"date":"2023-05-24T15:22:52","date_gmt":"2023-05-24T13:22:52","guid":{"rendered":"https:\/\/design.awards.verallia.fr\/?page_id=21931"},"modified":"2023-09-07T14:20:12","modified_gmt":"2023-09-07T12:20:12","slug":"bouteille-design-soiree-a-rose","status":"publish","type":"page","link":"https:\/\/design.awards.verallia.fr\/fr\/les-succes-des-bouteilles-en-verre-design\/bouteille-design-soiree-a-rose\/","title":{"rendered":"Soir\u00e9e \u00e0 ros\u00e9"},"content":{"rendered":"\t\t<div data-elementor-type=\"wp-page\" data-elementor-id=\"21931\" class=\"elementor elementor-21931\" data-elementor-post-type=\"page\">\n\t\t\t\t<div class=\"elementor-element elementor-element-780f33e e-flex e-con-boxed e-con e-parent\" data-id=\"780f33e\" data-element_type=\"container\" data-e-type=\"container\">\n\t\t\t\t\t<div class=\"e-con-inner\">\n\t\t\t\t<div class=\"elementor-element elementor-element-50f7813 elementor-widget__width-initial elementor-widget elementor-widget-image\" data-id=\"50f7813\" data-element_type=\"widget\" data-e-type=\"widget\" data-widget_type=\"image.default\">\n\t\t\t\t<div class=\"elementor-widget-container\">\n\t\t\t\t\t\t\t\t\t\t\t\t\t\t\t<img fetchpriority=\"high\" decoding=\"async\" width=\"571\" height=\"530\" src=\"https:\/\/design.awards.verallia.fr\/wp-content\/uploads\/2023\/05\/CoteDeRoses1.jpg\" class=\"attachment-large size-large wp-image-21999\" alt=\"Commercialisation de la bouteilles design prim\u00e93\" srcset=\"https:\/\/design.awards.verallia.fr\/wp-content\/uploads\/2023\/05\/CoteDeRoses1.jpg 571w, https:\/\/design.awards.verallia.fr\/wp-content\/uploads\/2023\/05\/CoteDeRoses1-300x278.jpg 300w\" sizes=\"(max-width: 571px) 100vw, 571px\" \/>\t\t\t\t\t\t\t\t\t\t\t\t\t\t\t<\/div>\n\t\t\t\t<\/div>\n\t\t<div class=\"elementor-element elementor-element-d7a7ddc e-flex e-con-boxed e-con e-child\" data-id=\"d7a7ddc\" data-element_type=\"container\" data-e-type=\"container\">\n\t\t\t\t\t<div class=\"e-con-inner\">\n\t\t\t\t<div class=\"elementor-element elementor-element-634a94e elementor-widget elementor-widget-heading\" data-id=\"634a94e\" data-element_type=\"widget\" data-e-type=\"widget\" data-widget_type=\"heading.default\">\n\t\t\t\t<div class=\"elementor-widget-container\">\n\t\t\t\t\t<h1 class=\"elementor-heading-title elementor-size-default\">Succ\u00e8s designer verre<\/h1>\t\t\t\t<\/div>\n\t\t\t\t<\/div>\n\t\t\t\t<div class=\"elementor-element elementor-element-363ea89 elementor-blockquote--skin-clean elementor-blockquote--align-left elementor-widget__width-initial elementor-widget elementor-widget-blockquote\" data-id=\"363ea89\" data-element_type=\"widget\" data-e-type=\"widget\" data-widget_type=\"blockquote.default\">\n\t\t\t\t<div class=\"elementor-widget-container\">\n\t\t\t\t\t\t\t<blockquote class=\"elementor-blockquote\">\n\t\t\t<p class=\"elementor-blockquote__content\">\n\t\t\t\tM\u00e9litine Courvoisier\t\t\t<\/p>\n\t\t\t\t\t<\/blockquote>\n\t\t\t\t\t\t<\/div>\n\t\t\t\t<\/div>\n\t\t<div class=\"elementor-element elementor-element-845ff90 e-flex e-con-boxed e-con e-child\" data-id=\"845ff90\" data-element_type=\"container\" data-e-type=\"container\">\n\t\t\t\t\t<div class=\"e-con-inner\">\n\t\t<div class=\"elementor-element elementor-element-c621e20 e-flex e-con-boxed e-con e-child\" data-id=\"c621e20\" data-element_type=\"container\" data-e-type=\"container\">\n\t\t\t\t\t<div class=\"e-con-inner\">\n\t\t\t\t<div class=\"elementor-element elementor-element-702f651 elementor-widget elementor-widget-text-editor\" data-id=\"702f651\" data-element_type=\"widget\" data-e-type=\"widget\" data-widget_type=\"text-editor.default\">\n\t\t\t\t<div class=\"elementor-widget-container\">\n\t\t\t\t\t\t\t\t\t<p data-pm-slice=\"1 1 []\">Laur\u00e9at 2010 dans la cat\u00e9gorie \u00ab Vins \u00bb<br \/>Projet \u00ab Soir\u00e9e \u00e0 Ros\u00e9 \u00bb renomm\u00e9 \u00ab <a href=\"https:\/\/cote-des-roses.vin\/\" target=\"_blank\" rel=\"noopener\">C\u00f4te des Roses<\/a> \u00bb<\/p>\t\t\t\t\t\t\t\t<\/div>\n\t\t\t\t<\/div>\n\t\t\t\t<div class=\"elementor-element elementor-element-4443575 elementor-widget elementor-widget-text-editor\" data-id=\"4443575\" data-element_type=\"widget\" data-e-type=\"widget\" data-widget_type=\"text-editor.default\">\n\t\t\t\t<div class=\"elementor-widget-container\">\n\t\t\t\t\t\t\t\t\tUne bouteille incarnant l&#8217;\u00e9l\u00e9gance et la singularit\u00e9 gr\u00e2ce \u00e0 son design unique et sa piq\u00fbre en forme de rose.\t\t\t\t\t\t\t\t<\/div>\n\t\t\t\t<\/div>\n\t\t\t\t\t<\/div>\n\t\t\t\t<\/div>\n\t\t\t\t\t<\/div>\n\t\t\t\t<\/div>\n\t\t\t\t\t<\/div>\n\t\t\t\t<\/div>\n\t\t\t\t\t<\/div>\n\t\t\t\t<\/div>\n\t\t<div class=\"elementor-element elementor-element-28d1c18 e-flex e-con-boxed e-con e-parent\" data-id=\"28d1c18\" data-element_type=\"container\" data-e-type=\"container\">\n\t\t\t\t\t<div class=\"e-con-inner\">\n\t\t\t\t<div class=\"elementor-element elementor-element-72d1cfb elementor-widget elementor-widget-heading\" data-id=\"72d1cfb\" data-element_type=\"widget\" data-e-type=\"widget\" data-widget_type=\"heading.default\">\n\t\t\t\t<div class=\"elementor-widget-container\">\n\t\t\t\t\t<h2 class=\"elementor-heading-title elementor-size-default\">La bouteille \"Soir\u00e9e \u00e0 Ros\u00e9\"<br>Une \u00e9l\u00e9gance florale prim\u00e9e lors de la premi\u00e8re \u00e9dition<\/h2>\t\t\t\t<\/div>\n\t\t\t\t<\/div>\n\t\t\t\t<div class=\"elementor-element elementor-element-010ea87 elementor-widget__width-initial elementor-widget-mobile__width-inherit elementor-widget elementor-widget-text-editor\" data-id=\"010ea87\" data-element_type=\"widget\" data-e-type=\"widget\" data-widget_type=\"text-editor.default\">\n\t\t\t\t<div class=\"elementor-widget-container\">\n\t\t\t\t\t\t\t\t\t<p data-pm-slice=\"1 1 []\">Inspir\u00e9e par sa visite \u00e0 l&#8217;usine Verallia d&#8217;Oiry, M\u00e9litine a su exprimer sa vision unique en jouant avec les codes traditionnels du vin. En associant la goutte de verre en fusion et l&#8217;\u00e9l\u00e9gance florale, elle a cr\u00e9\u00e9 une bouteille qui bouleverse les conventions et c\u00e9l\u00e8bre l&#8217;union de la masculinit\u00e9 du vin et de la f\u00e9minit\u00e9 de la fleur. Commercialis\u00e9e par Gerard Bertrand sous le nom C\u00f4te des Roses (AOP Languedoc), elle remporte un grand succ\u00e8s en France comme aux Etats-Unis.\u200b<\/p>\t\t\t\t\t\t\t\t<\/div>\n\t\t\t\t<\/div>\n\t\t\t\t\t<\/div>\n\t\t\t\t<\/div>\n\t\t<div class=\"elementor-element elementor-element-424a2ba e-flex e-con-boxed e-con e-parent\" data-id=\"424a2ba\" data-element_type=\"container\" data-e-type=\"container\" data-settings=\"{&quot;background_background&quot;:&quot;classic&quot;}\">\n\t\t\t\t\t<div class=\"e-con-inner\">\n\t\t\t\t<div class=\"elementor-element elementor-element-5964733 elementor-widget elementor-widget-heading\" data-id=\"5964733\" data-element_type=\"widget\" data-e-type=\"widget\" data-widget_type=\"heading.default\">\n\t\t\t\t<div class=\"elementor-widget-container\">\n\t\t\t\t\t<h2 class=\"elementor-heading-title elementor-size-default\">Le mot du client<\/h2>\t\t\t\t<\/div>\n\t\t\t\t<\/div>\n\t\t\t\t<div class=\"elementor-element elementor-element-52380be elementor-widget elementor-widget-text-editor\" data-id=\"52380be\" data-element_type=\"widget\" data-e-type=\"widget\" data-widget_type=\"text-editor.default\">\n\t\t\t\t<div class=\"elementor-widget-container\">\n\t\t\t\t\t\t\t\t\t<div class=\"inside\"><p data-pm-slice=\"1 1 []\">Nous concevons le vin comme un tout. Nous tenons \u00e0 la coh\u00e9rence d\u2019un vin depuis le terroir jusqu&#8217;\u00e0 la fa\u00e7on dont nous le pr\u00e9sentons. Tous nos choix sont effectu\u00e9s avec beaucoup d\u2019attention \u00e0 chaque d\u00e9tail. Formes de la bouteille, \u00e9tiquettes, bouchons. Cela passe par des flacons exclusifs, comme le cas pour la bouteille C\u00f4te des Roses.<\/p><\/div><footer class=\"cite\"><\/footer>\t\t\t\t\t\t\t\t<\/div>\n\t\t\t\t<\/div>\n\t\t<div class=\"elementor-element elementor-element-f7bc030 e-flex e-con-boxed e-con e-child\" data-id=\"f7bc030\" data-element_type=\"container\" data-e-type=\"container\">\n\t\t\t\t\t<div class=\"e-con-inner\">\n\t\t\t\t<div class=\"elementor-element elementor-element-db8c4d7 elementor-widget elementor-widget-image\" data-id=\"db8c4d7\" data-element_type=\"widget\" data-e-type=\"widget\" data-widget_type=\"image.default\">\n\t\t\t\t<div class=\"elementor-widget-container\">\n\t\t\t\t\t\t\t\t\t\t\t\t\t\t\t<img decoding=\"async\" width=\"150\" height=\"150\" src=\"https:\/\/design.awards.verallia.fr\/wp-content\/uploads\/2023\/08\/motdupresident-150x150.jpg\" class=\"attachment-thumbnail size-thumbnail wp-image-29936\" alt=\"\" \/>\t\t\t\t\t\t\t\t\t\t\t\t\t\t\t<\/div>\n\t\t\t\t<\/div>\n\t\t\t\t<div class=\"elementor-element elementor-element-4326e2d elementor-widget elementor-widget-text-editor\" data-id=\"4326e2d\" data-element_type=\"widget\" data-e-type=\"widget\" data-widget_type=\"text-editor.default\">\n\t\t\t\t<div class=\"elementor-widget-container\">\n\t\t\t\t\t\t\t\t\t<p><strong>G\u00e9rard Bertrand<\/strong><br \/>President chez G\u00e9rard Bertrand Wines<\/p>\t\t\t\t\t\t\t\t<\/div>\n\t\t\t\t<\/div>\n\t\t\t\t\t<\/div>\n\t\t\t\t<\/div>\n\t\t\t\t\t<\/div>\n\t\t\t\t<\/div>\n\t\t<div class=\"elementor-element elementor-element-4eebbc0 e-con-full e-flex e-con e-parent\" data-id=\"4eebbc0\" data-element_type=\"container\" data-e-type=\"container\">\n\t\t\t\t<div class=\"elementor-element elementor-element-268f143 elementor-widget elementor-widget-image\" data-id=\"268f143\" data-element_type=\"widget\" data-e-type=\"widget\" data-widget_type=\"image.default\">\n\t\t\t\t<div class=\"elementor-widget-container\">\n\t\t\t\t\t\t\t\t\t\t\t\t\t\t\t<img decoding=\"async\" width=\"360\" height=\"460\" src=\"https:\/\/design.awards.verallia.fr\/wp-content\/uploads\/2023\/05\/CoteDeRose2.jpg\" class=\"attachment-large size-large wp-image-21965\" alt=\"Commercialisation de la bouteilles design prim\u00e9\" srcset=\"https:\/\/design.awards.verallia.fr\/wp-content\/uploads\/2023\/05\/CoteDeRose2.jpg 360w, https:\/\/design.awards.verallia.fr\/wp-content\/uploads\/2023\/05\/CoteDeRose2-235x300.jpg 235w\" sizes=\"(max-width: 360px) 100vw, 360px\" \/>\t\t\t\t\t\t\t\t\t\t\t\t\t\t\t<\/div>\n\t\t\t\t<\/div>\n\t\t\t\t<div class=\"elementor-element elementor-element-ec63645 elementor-widget elementor-widget-image\" data-id=\"ec63645\" data-element_type=\"widget\" data-e-type=\"widget\" data-widget_type=\"image.default\">\n\t\t\t\t<div class=\"elementor-widget-container\">\n\t\t\t\t\t\t\t\t\t\t\t\t\t\t\t<img loading=\"lazy\" decoding=\"async\" width=\"400\" height=\"460\" src=\"https:\/\/design.awards.verallia.fr\/wp-content\/uploads\/2023\/05\/CoteDeRoses5.jpg\" class=\"attachment-large size-large wp-image-21992\" alt=\"Commercialisation de la bouteilles design prim\u00e9 Mise en situation\" srcset=\"https:\/\/design.awards.verallia.fr\/wp-content\/uploads\/2023\/05\/CoteDeRoses5.jpg 400w, https:\/\/design.awards.verallia.fr\/wp-content\/uploads\/2023\/05\/CoteDeRoses5-261x300.jpg 261w\" sizes=\"(max-width: 400px) 100vw, 400px\" \/>\t\t\t\t\t\t\t\t\t\t\t\t\t\t\t<\/div>\n\t\t\t\t<\/div>\n\t\t\t\t<div class=\"elementor-element elementor-element-21fe76d elementor-widget elementor-widget-image\" data-id=\"21fe76d\" data-element_type=\"widget\" data-e-type=\"widget\" data-widget_type=\"image.default\">\n\t\t\t\t<div class=\"elementor-widget-container\">\n\t\t\t\t\t\t\t\t\t\t\t\t\t\t\t<img loading=\"lazy\" decoding=\"async\" width=\"360\" height=\"460\" src=\"https:\/\/design.awards.verallia.fr\/wp-content\/uploads\/2023\/05\/CoteDeRose1.jpg\" class=\"attachment-large size-large wp-image-21960\" alt=\"La bouteilles en verre design prim\u00e9\" srcset=\"https:\/\/design.awards.verallia.fr\/wp-content\/uploads\/2023\/05\/CoteDeRose1.jpg 360w, https:\/\/design.awards.verallia.fr\/wp-content\/uploads\/2023\/05\/CoteDeRose1-235x300.jpg 235w\" sizes=\"(max-width: 360px) 100vw, 360px\" \/>\t\t\t\t\t\t\t\t\t\t\t\t\t\t\t<\/div>\n\t\t\t\t<\/div>\n\t\t\t\t<\/div>\n\t\t<div class=\"elementor-element elementor-element-898bf58 e-flex e-con-boxed e-con e-parent\" data-id=\"898bf58\" data-element_type=\"container\" data-e-type=\"container\">\n\t\t\t\t\t<div class=\"e-con-inner\">\n\t\t\t\t<div class=\"elementor-element elementor-element-4d4b045 elementor-align-center elementor-widget elementor-widget-button\" data-id=\"4d4b045\" data-element_type=\"widget\" data-e-type=\"widget\" data-widget_type=\"button.default\">\n\t\t\t\t<div class=\"elementor-widget-container\">\n\t\t\t\t\t\t\t\t\t<div class=\"elementor-button-wrapper\">\n\t\t\t\t\t<a class=\"elementor-button elementor-button-link elementor-size-sm\" href=\"\/fr\/les-succes-des-bouteilles-en-verre-design\/\">\n\t\t\t\t\t\t<span class=\"elementor-button-content-wrapper\">\n\t\t\t\t\t\t\t\t\t<span class=\"elementor-button-text\">Voir tous les succ\u00e8s<\/span>\n\t\t\t\t\t<\/span>\n\t\t\t\t\t<\/a>\n\t\t\t\t<\/div>\n\t\t\t\t\t\t\t\t<\/div>\n\t\t\t\t<\/div>\n\t\t\t\t\t<\/div>\n\t\t\t\t<\/div>\n\t\t\t\t<\/div>\n\t\t","protected":false},"excerpt":{"rendered":"<p>Succ\u00e8s designer verre M\u00e9litine Courvoisier Laur\u00e9at 2010 dans la cat\u00e9gorie \u00ab Vins \u00bbProjet \u00ab Soir\u00e9e \u00e0 Ros\u00e9 \u00bb renomm\u00e9 \u00ab C\u00f4te des Roses \u00bb Une bouteille incarnant l&#8217;\u00e9l\u00e9gance et la singularit\u00e9 gr\u00e2ce \u00e0 son design unique et sa piq\u00fbre en forme de rose. La bouteille &#8220;Soir\u00e9e \u00e0 Ros\u00e9&#8221;Une \u00e9l\u00e9gance florale prim\u00e9e lors de la premi\u00e8re [&hellip;]<\/p>\n","protected":false},"author":2192,"featured_media":0,"parent":51,"menu_order":2,"comment_status":"closed","ping_status":"closed","template":"","meta":{"_acf_changed":false,"footnotes":""},"class_list":["post-21931","page","type-page","status-publish","hentry"],"acf":[],"yoast_head":"<!-- This site is optimized with the Yoast SEO plugin v27.3 - https:\/\/yoast.com\/product\/yoast-seo-wordpress\/ -->\n<title>Bouteille design Soir\u00e9e \u00e0 ros\u00e9 - Verallia Design Awards<\/title>\n<meta name=\"description\" content=\"C\u00f4te des roses, succ\u00e8s commercial et premier prix des Verallia Design Awards 2010. Bouteille design en forme de rose.\" \/>\n<meta name=\"robots\" content=\"index, follow, max-snippet:-1, max-image-preview:large, max-video-preview:-1\" \/>\n<link rel=\"canonical\" href=\"https:\/\/design.awards.verallia.fr\/fr\/les-succes-des-bouteilles-en-verre-design\/bouteille-design-soiree-a-rose\/\" \/>\n<meta property=\"og:locale\" content=\"fr_FR\" \/>\n<meta property=\"og:type\" content=\"article\" \/>\n<meta property=\"og:title\" content=\"Bouteille design Soir\u00e9e \u00e0 ros\u00e9 - Verallia Design Awards\" \/>\n<meta property=\"og:description\" content=\"C\u00f4te des roses, succ\u00e8s commercial et premier prix des Verallia Design Awards 2010. Bouteille design en forme de rose.\" \/>\n<meta property=\"og:url\" content=\"https:\/\/design.awards.verallia.fr\/fr\/les-succes-des-bouteilles-en-verre-design\/bouteille-design-soiree-a-rose\/\" \/>\n<meta property=\"og:site_name\" content=\"Verallia Design Awards\" \/>\n<meta property=\"article:modified_time\" content=\"2023-09-07T12:20:12+00:00\" \/>\n<meta property=\"og:image\" content=\"https:\/\/design.awards.verallia.fr\/wp-content\/uploads\/2023\/05\/CoteDeRoses1.jpg\" \/>\n<meta name=\"twitter:card\" content=\"summary_large_image\" \/>\n<meta name=\"twitter:label1\" content=\"Dur\u00e9e de lecture estim\u00e9e\" \/>\n\t<meta name=\"twitter:data1\" content=\"3 minutes\" \/>\n<script type=\"application\/ld+json\" class=\"yoast-schema-graph\">{\"@context\":\"https:\\\/\\\/schema.org\",\"@graph\":[{\"@type\":\"WebPage\",\"@id\":\"https:\\\/\\\/design.awards.verallia.fr\\\/fr\\\/les-succes-des-bouteilles-en-verre-design\\\/bouteille-design-soiree-a-rose\\\/\",\"url\":\"https:\\\/\\\/design.awards.verallia.fr\\\/fr\\\/les-succes-des-bouteilles-en-verre-design\\\/bouteille-design-soiree-a-rose\\\/\",\"name\":\"Bouteille design Soir\u00e9e \u00e0 ros\u00e9 - Verallia Design Awards\",\"isPartOf\":{\"@id\":\"https:\\\/\\\/design.awards.verallia.fr\\\/fr\\\/#website\"},\"primaryImageOfPage\":{\"@id\":\"https:\\\/\\\/design.awards.verallia.fr\\\/fr\\\/les-succes-des-bouteilles-en-verre-design\\\/bouteille-design-soiree-a-rose\\\/#primaryimage\"},\"image\":{\"@id\":\"https:\\\/\\\/design.awards.verallia.fr\\\/fr\\\/les-succes-des-bouteilles-en-verre-design\\\/bouteille-design-soiree-a-rose\\\/#primaryimage\"},\"thumbnailUrl\":\"https:\\\/\\\/design.awards.verallia.fr\\\/wp-content\\\/uploads\\\/2023\\\/05\\\/CoteDeRoses1.jpg\",\"datePublished\":\"2023-05-24T13:22:52+00:00\",\"dateModified\":\"2023-09-07T12:20:12+00:00\",\"description\":\"C\u00f4te des roses, succ\u00e8s commercial et premier prix des Verallia Design Awards 2010. Bouteille design en forme de rose.\",\"breadcrumb\":{\"@id\":\"https:\\\/\\\/design.awards.verallia.fr\\\/fr\\\/les-succes-des-bouteilles-en-verre-design\\\/bouteille-design-soiree-a-rose\\\/#breadcrumb\"},\"inLanguage\":\"fr-FR\",\"potentialAction\":[{\"@type\":\"ReadAction\",\"target\":[\"https:\\\/\\\/design.awards.verallia.fr\\\/fr\\\/les-succes-des-bouteilles-en-verre-design\\\/bouteille-design-soiree-a-rose\\\/\"]}]},{\"@type\":\"ImageObject\",\"inLanguage\":\"fr-FR\",\"@id\":\"https:\\\/\\\/design.awards.verallia.fr\\\/fr\\\/les-succes-des-bouteilles-en-verre-design\\\/bouteille-design-soiree-a-rose\\\/#primaryimage\",\"url\":\"https:\\\/\\\/design.awards.verallia.fr\\\/wp-content\\\/uploads\\\/2023\\\/05\\\/CoteDeRoses1.jpg\",\"contentUrl\":\"https:\\\/\\\/design.awards.verallia.fr\\\/wp-content\\\/uploads\\\/2023\\\/05\\\/CoteDeRoses1.jpg\"},{\"@type\":\"BreadcrumbList\",\"@id\":\"https:\\\/\\\/design.awards.verallia.fr\\\/fr\\\/les-succes-des-bouteilles-en-verre-design\\\/bouteille-design-soiree-a-rose\\\/#breadcrumb\",\"itemListElement\":[{\"@type\":\"ListItem\",\"position\":1,\"name\":\"Accueil\",\"item\":\"https:\\\/\\\/design.awards.verallia.fr\\\/fr\\\/\"},{\"@type\":\"ListItem\",\"position\":2,\"name\":\"Histoires \u00e0 succ\u00e8s\",\"item\":\"https:\\\/\\\/design.awards.verallia.fr\\\/fr\\\/les-succes-des-bouteilles-en-verre-design\\\/\"},{\"@type\":\"ListItem\",\"position\":3,\"name\":\"Soir\u00e9e \u00e0 ros\u00e9\"}]},{\"@type\":\"WebSite\",\"@id\":\"https:\\\/\\\/design.awards.verallia.fr\\\/fr\\\/#website\",\"url\":\"https:\\\/\\\/design.awards.verallia.fr\\\/fr\\\/\",\"name\":\"Verallia Design Awards\",\"description\":\"Verallia Design Award, le concours de design du packaging en verre\",\"publisher\":{\"@id\":\"https:\\\/\\\/design.awards.verallia.fr\\\/fr\\\/#organization\"},\"potentialAction\":[{\"@type\":\"SearchAction\",\"target\":{\"@type\":\"EntryPoint\",\"urlTemplate\":\"https:\\\/\\\/design.awards.verallia.fr\\\/fr\\\/?s={search_term_string}\"},\"query-input\":{\"@type\":\"PropertyValueSpecification\",\"valueRequired\":true,\"valueName\":\"search_term_string\"}}],\"inLanguage\":\"fr-FR\"},{\"@type\":\"Organization\",\"@id\":\"https:\\\/\\\/design.awards.verallia.fr\\\/fr\\\/#organization\",\"name\":\"Verallia Design Awards\",\"url\":\"https:\\\/\\\/design.awards.verallia.fr\\\/fr\\\/\",\"logo\":{\"@type\":\"ImageObject\",\"inLanguage\":\"fr-FR\",\"@id\":\"https:\\\/\\\/design.awards.verallia.fr\\\/fr\\\/#\\\/schema\\\/logo\\\/image\\\/\",\"url\":\"https:\\\/\\\/design.awards.verallia.fr\\\/wp-content\\\/uploads\\\/2023\\\/05\\\/logo-small.png\",\"contentUrl\":\"https:\\\/\\\/design.awards.verallia.fr\\\/wp-content\\\/uploads\\\/2023\\\/05\\\/logo-small.png\",\"width\":198,\"height\":117,\"caption\":\"Verallia Design Awards\"},\"image\":{\"@id\":\"https:\\\/\\\/design.awards.verallia.fr\\\/fr\\\/#\\\/schema\\\/logo\\\/image\\\/\"}}]}<\/script>\n<!-- \/ Yoast SEO plugin. -->","yoast_head_json":{"title":"Bouteille design Soir\u00e9e \u00e0 ros\u00e9 - Verallia Design Awards","description":"C\u00f4te des roses, succ\u00e8s commercial et premier prix des Verallia Design Awards 2010. Bouteille design en forme de rose.","robots":{"index":"index","follow":"follow","max-snippet":"max-snippet:-1","max-image-preview":"max-image-preview:large","max-video-preview":"max-video-preview:-1"},"canonical":"https:\/\/design.awards.verallia.fr\/fr\/les-succes-des-bouteilles-en-verre-design\/bouteille-design-soiree-a-rose\/","og_locale":"fr_FR","og_type":"article","og_title":"Bouteille design Soir\u00e9e \u00e0 ros\u00e9 - Verallia Design Awards","og_description":"C\u00f4te des roses, succ\u00e8s commercial et premier prix des Verallia Design Awards 2010. Bouteille design en forme de rose.","og_url":"https:\/\/design.awards.verallia.fr\/fr\/les-succes-des-bouteilles-en-verre-design\/bouteille-design-soiree-a-rose\/","og_site_name":"Verallia Design Awards","article_modified_time":"2023-09-07T12:20:12+00:00","og_image":[{"url":"https:\/\/design.awards.verallia.fr\/wp-content\/uploads\/2023\/05\/CoteDeRoses1.jpg","type":"","width":"","height":""}],"twitter_card":"summary_large_image","twitter_misc":{"Dur\u00e9e de lecture estim\u00e9e":"3 minutes"},"schema":{"@context":"https:\/\/schema.org","@graph":[{"@type":"WebPage","@id":"https:\/\/design.awards.verallia.fr\/fr\/les-succes-des-bouteilles-en-verre-design\/bouteille-design-soiree-a-rose\/","url":"https:\/\/design.awards.verallia.fr\/fr\/les-succes-des-bouteilles-en-verre-design\/bouteille-design-soiree-a-rose\/","name":"Bouteille design Soir\u00e9e \u00e0 ros\u00e9 - Verallia Design Awards","isPartOf":{"@id":"https:\/\/design.awards.verallia.fr\/fr\/#website"},"primaryImageOfPage":{"@id":"https:\/\/design.awards.verallia.fr\/fr\/les-succes-des-bouteilles-en-verre-design\/bouteille-design-soiree-a-rose\/#primaryimage"},"image":{"@id":"https:\/\/design.awards.verallia.fr\/fr\/les-succes-des-bouteilles-en-verre-design\/bouteille-design-soiree-a-rose\/#primaryimage"},"thumbnailUrl":"https:\/\/design.awards.verallia.fr\/wp-content\/uploads\/2023\/05\/CoteDeRoses1.jpg","datePublished":"2023-05-24T13:22:52+00:00","dateModified":"2023-09-07T12:20:12+00:00","description":"C\u00f4te des roses, succ\u00e8s commercial et premier prix des Verallia Design Awards 2010. Bouteille design en forme de rose.","breadcrumb":{"@id":"https:\/\/design.awards.verallia.fr\/fr\/les-succes-des-bouteilles-en-verre-design\/bouteille-design-soiree-a-rose\/#breadcrumb"},"inLanguage":"fr-FR","potentialAction":[{"@type":"ReadAction","target":["https:\/\/design.awards.verallia.fr\/fr\/les-succes-des-bouteilles-en-verre-design\/bouteille-design-soiree-a-rose\/"]}]},{"@type":"ImageObject","inLanguage":"fr-FR","@id":"https:\/\/design.awards.verallia.fr\/fr\/les-succes-des-bouteilles-en-verre-design\/bouteille-design-soiree-a-rose\/#primaryimage","url":"https:\/\/design.awards.verallia.fr\/wp-content\/uploads\/2023\/05\/CoteDeRoses1.jpg","contentUrl":"https:\/\/design.awards.verallia.fr\/wp-content\/uploads\/2023\/05\/CoteDeRoses1.jpg"},{"@type":"BreadcrumbList","@id":"https:\/\/design.awards.verallia.fr\/fr\/les-succes-des-bouteilles-en-verre-design\/bouteille-design-soiree-a-rose\/#breadcrumb","itemListElement":[{"@type":"ListItem","position":1,"name":"Accueil","item":"https:\/\/design.awards.verallia.fr\/fr\/"},{"@type":"ListItem","position":2,"name":"Histoires \u00e0 succ\u00e8s","item":"https:\/\/design.awards.verallia.fr\/fr\/les-succes-des-bouteilles-en-verre-design\/"},{"@type":"ListItem","position":3,"name":"Soir\u00e9e \u00e0 ros\u00e9"}]},{"@type":"WebSite","@id":"https:\/\/design.awards.verallia.fr\/fr\/#website","url":"https:\/\/design.awards.verallia.fr\/fr\/","name":"Verallia Design Awards","description":"Verallia Design Award, le concours de design du packaging en verre","publisher":{"@id":"https:\/\/design.awards.verallia.fr\/fr\/#organization"},"potentialAction":[{"@type":"SearchAction","target":{"@type":"EntryPoint","urlTemplate":"https:\/\/design.awards.verallia.fr\/fr\/?s={search_term_string}"},"query-input":{"@type":"PropertyValueSpecification","valueRequired":true,"valueName":"search_term_string"}}],"inLanguage":"fr-FR"},{"@type":"Organization","@id":"https:\/\/design.awards.verallia.fr\/fr\/#organization","name":"Verallia Design Awards","url":"https:\/\/design.awards.verallia.fr\/fr\/","logo":{"@type":"ImageObject","inLanguage":"fr-FR","@id":"https:\/\/design.awards.verallia.fr\/fr\/#\/schema\/logo\/image\/","url":"https:\/\/design.awards.verallia.fr\/wp-content\/uploads\/2023\/05\/logo-small.png","contentUrl":"https:\/\/design.awards.verallia.fr\/wp-content\/uploads\/2023\/05\/logo-small.png","width":198,"height":117,"caption":"Verallia Design Awards"},"image":{"@id":"https:\/\/design.awards.verallia.fr\/fr\/#\/schema\/logo\/image\/"}}]}},"_links":{"self":[{"href":"https:\/\/design.awards.verallia.fr\/fr\/wp-json\/wp\/v2\/pages\/21931","targetHints":{"allow":["GET"]}}],"collection":[{"href":"https:\/\/design.awards.verallia.fr\/fr\/wp-json\/wp\/v2\/pages"}],"about":[{"href":"https:\/\/design.awards.verallia.fr\/fr\/wp-json\/wp\/v2\/types\/page"}],"author":[{"embeddable":true,"href":"https:\/\/design.awards.verallia.fr\/fr\/wp-json\/wp\/v2\/users\/2192"}],"replies":[{"embeddable":true,"href":"https:\/\/design.awards.verallia.fr\/fr\/wp-json\/wp\/v2\/comments?post=21931"}],"version-history":[{"count":5,"href":"https:\/\/design.awards.verallia.fr\/fr\/wp-json\/wp\/v2\/pages\/21931\/revisions"}],"predecessor-version":[{"id":31081,"href":"https:\/\/design.awards.verallia.fr\/fr\/wp-json\/wp\/v2\/pages\/21931\/revisions\/31081"}],"up":[{"embeddable":true,"href":"https:\/\/design.awards.verallia.fr\/fr\/wp-json\/wp\/v2\/pages\/51"}],"wp:attachment":[{"href":"https:\/\/design.awards.verallia.fr\/fr\/wp-json\/wp\/v2\/media?parent=21931"}],"curies":[{"name":"wp","href":"https:\/\/api.w.org\/{rel}","templated":true}]}}