{"id":61,"date":"2023-04-11T17:29:03","date_gmt":"2023-04-11T15:29:03","guid":{"rendered":"https:\/\/design.awards.verallia.fr\/?page_id=61"},"modified":"2023-09-18T14:14:05","modified_gmt":"2023-09-18T12:14:05","slug":"mentions-legales","status":"publish","type":"page","link":"https:\/\/design.awards.verallia.fr\/fr\/mentions-legales\/","title":{"rendered":"Mentions l\u00e9gales"},"content":{"rendered":"\t\t<div data-elementor-type=\"wp-page\" data-elementor-id=\"61\" class=\"elementor elementor-61\" data-elementor-post-type=\"page\">\n\t\t\t\t<div class=\"elementor-element elementor-element-0ce2f19 e-flex e-con-boxed e-con e-parent\" data-id=\"0ce2f19\" data-element_type=\"container\" data-e-type=\"container\">\n\t\t\t\t\t<div class=\"e-con-inner\">\n\t\t\t\t<div class=\"elementor-element elementor-element-10bf774 elementor-widget elementor-widget-heading\" data-id=\"10bf774\" data-element_type=\"widget\" data-e-type=\"widget\" data-widget_type=\"heading.default\">\n\t\t\t\t<div class=\"elementor-widget-container\">\n\t\t\t\t\t<h1 class=\"elementor-heading-title elementor-size-default\">Mentions l\u00e9gales<\/h1>\t\t\t\t<\/div>\n\t\t\t\t<\/div>\n\t\t\t\t\t<\/div>\n\t\t\t\t<\/div>\n\t\t<div class=\"elementor-element elementor-element-8472a65 e-flex e-con-boxed e-con e-parent\" data-id=\"8472a65\" data-element_type=\"container\" data-e-type=\"container\">\n\t\t\t\t\t<div class=\"e-con-inner\">\n\t\t\t\t<div class=\"elementor-element elementor-element-2ac4f94 stax-condition-yes elementor-widget elementor-widget-text-editor\" data-id=\"2ac4f94\" data-element_type=\"widget\" data-e-type=\"widget\" data-widget_type=\"text-editor.default\">\n\t\t\t\t<div class=\"elementor-widget-container\">\n\t\t\t\t\t\t\t\t\t<h2 data-pm-slice=\"0 0 []\">Utilisation du site<\/h2><p>Ce site a pour objet de fournir des informations sur le concours Verallia Design Awards.<\/p><p>La soci\u00e9t\u00e9 Verallia France, propri\u00e9taire de ce site, s\u2019efforce d\u2019assurer la fiabilit\u00e9 de l\u2019ensemble des informations diffus\u00e9es sur ce site, dont elle se r\u00e9serve le droit de modifier ou de corriger, \u00e0 tout moment et sans pr\u00e9avis, le contenu.<\/p><p>Toutefois Verallia France :<\/p><ul><li>ne garantit en aucune fa\u00e7on l\u2019exactitude, la pr\u00e9cision, l\u2019exhaustivit\u00e9 ou l\u2019ad\u00e9quation \u00e0 l\u2019utilisation que l\u2019utilisateur projette d\u2019en faire, des informations mises \u00e0 disposition sur ce site, y compris l\u2019ensemble des hyperliens ou toute autre liaison informatique utilis\u00e9e, directement ou indirectement, \u00e0 partir de ce site.<\/li><li>d\u00e9cline toute responsabilit\u00e9 :<ul><li>pour toute impr\u00e9cision, inexactitude ou omission portant sur des informations disponibles sur le site ;<\/li><li>pour tout dommage susceptible de r\u00e9sulter du cr\u00e9dit accord\u00e9 \u00e0 ces informations, de leur utilisation ou de l\u2019utilisation d\u2019un produit auquel elles font r\u00e9f\u00e9rence ;<\/li><li>et plus g\u00e9n\u00e9ralement pour tous dommages, directs ou indirects, quelles qu\u2019en soient les causes, origines, natures et cons\u00e9quences, provoqu\u00e9es \u00e0 raison de l\u2019acc\u00e8s de quiconque \u00e0 ce site, de son usage ou de l\u2019usage d\u2019autres sites qui lui sont li\u00e9s, de m\u00eame que de l\u2019impossibilit\u00e9 d\u2019acc\u00e9der \u00e0 ce site.<\/li><\/ul><\/li><\/ul>\t\t\t\t\t\t\t\t<\/div>\n\t\t\t\t<\/div>\n\t\t\t\t<div class=\"elementor-element elementor-element-abfc255 elementor-widget elementor-widget-text-editor\" data-id=\"abfc255\" data-element_type=\"widget\" data-e-type=\"widget\" data-widget_type=\"text-editor.default\">\n\t\t\t\t<div class=\"elementor-widget-container\">\n\t\t\t\t\t\t\t\t\t<h2 data-pm-slice=\"0 0 []\">Liens hypertextes<\/h2><p>Les liens pr\u00e9sents sur ce site peuvent orienter le visiteur sur des sites ext\u00e9rieurs dont le contenu ne peut en aucune mani\u00e8re engager la responsabilit\u00e9 de Verallia France. De m\u00eame, la simple mention de marque ou de nom de soci\u00e9t\u00e9 n\u2019engage pas Verallia France sur la qualit\u00e9 r\u00e9elle ou suppos\u00e9e des produits ou des services rendus.<\/p>\t\t\t\t\t\t\t\t<\/div>\n\t\t\t\t<\/div>\n\t\t\t\t<div class=\"elementor-element elementor-element-0a626b9 elementor-widget elementor-widget-text-editor\" data-id=\"0a626b9\" data-element_type=\"widget\" data-e-type=\"widget\" data-widget_type=\"text-editor.default\">\n\t\t\t\t<div class=\"elementor-widget-container\">\n\t\t\t\t\t\t\t\t\t<h2 data-pm-slice=\"0 0 []\">Droits de propri\u00e9t\u00e9 intellectuelle attach\u00e9s au site<\/h2><p><strong>Le Site est une \u0153uvre de l\u2019esprit prot\u00e9g\u00e9e par les lois de la Propri\u00e9t\u00e9 intellectuelle.<\/strong><\/p><p>Le site est prot\u00e9g\u00e9 par le droit d\u2019auteur. L\u2019usage de tout ou partie du site, notamment par t\u00e9l\u00e9chargement, reproduction, transmission ou repr\u00e9sentation int\u00e9grale ou partielle, alt\u00e9ration \u00e0 d\u2019autres fins que pour usage personnel et priv\u00e9 dans un but non commercial est strictement interdit.<\/p><p>De m\u00eame, toute reproduction ou repr\u00e9sentation non autoris\u00e9e de marques, logos, dessins, mod\u00e8les, noms de domaines, photographies, textes, slogans, dessins, images, s\u00e9quences anim\u00e9es et sonores ou non, d\u2019\u0153uvres litt\u00e9raires, musicales, audiovisuelles, photographiques et plus g\u00e9n\u00e9ralement de toute \u0153uvre susceptible d\u2019\u00eatre prot\u00e9g\u00e9e par le droit d\u2019auteur accessibles sur le site est interdite, \u00e0 moins que cette reproduction ou repr\u00e9sentation ne soit exclusivement r\u00e9serv\u00e9e \u00e0 un usage strictement personnel et priv\u00e9.<\/p>\t\t\t\t\t\t\t\t<\/div>\n\t\t\t\t<\/div>\n\t\t\t\t<div class=\"elementor-element elementor-element-af1b581 elementor-widget elementor-widget-text-editor\" data-id=\"af1b581\" data-element_type=\"widget\" data-e-type=\"widget\" data-widget_type=\"text-editor.default\">\n\t\t\t\t<div class=\"elementor-widget-container\">\n\t\t\t\t\t\t\t\t\t<h2 data-pm-slice=\"0 0 []\">Donn\u00e9es \u00e0 caract\u00e8re personnel<\/h2><p>Dans le cadre de la mise \u00e0 disposition de ce site et du concours Verallia Design Awards, Verallia France en qualit\u00e9 de responsable de traitement aux termes de la r\u00e8glementation, collecte et traite des donn\u00e9es \u00e0 caract\u00e8re personnel des utilisateurs et visiteurs pour :<\/p><ul><li>G\u00e9rer les comptes des candidats, des responsables p\u00e9dagogiques et des membres du jury. A ce titre sont collect\u00e9es et trait\u00e9es les nom, pr\u00e9nom, coordonn\u00e9es professionnelles (fonction, soci\u00e9t\u00e9\/\u00e9cole, email, t\u00e9l\u00e9phone), photographie.<\/li><li>G\u00e9rer les demandes d\u2019information via le formulaire de contact. A ce titre sont collect\u00e9es et trait\u00e9es civilit\u00e9, nom, pr\u00e9nom, email, fonction (\u00e9tudiant, \u00e9cole, journaliste, autre), nom de l\u2019\u00e9cole ou entreprise.<\/li><li>Assurer le suivi du concours Verallia Design Awards. A ce titre sont collect\u00e9es et trait\u00e9es les nom, pr\u00e9nom, photographie, coordonn\u00e9es professionnelles (fonction, soci\u00e9t\u00e9\/\u00e9cole, email, t\u00e9l\u00e9phone) des responsables p\u00e9dagogiques et des membres du jury.<\/li><li>Assurer la gestion technique et la s\u00e9curit\u00e9 de ce site. A ce titre sont collect\u00e9es et trait\u00e9es les identifiants de connexion.<\/li><li>G\u00e9rer les abonnements \u00e0 des newsletters. A ce titre sont collect\u00e9es et trait\u00e9es les nom, pr\u00e9nom et email.<\/li><li>Statistiques et performances de ce site : \u00e0 cette fin, pour tout visiteur, sont collect\u00e9es et trait\u00e9es les donn\u00e9es d&#8217;utilisation suivantes : l&#8217;identification du visiteur., interactions avec le site (pages ou \u00e9l\u00e9ments consult\u00e9s ou cliqu\u00e9s), donn\u00e9es de connexion.<\/li><\/ul><p>Le traitement de ces donn\u00e9es \u00e0 caract\u00e8re personnel est justifi\u00e9 par diff\u00e9rents fondements (base l\u00e9gale) en fonction de leur usage :<\/p><table><tbody><tr><td width=\"201\"><p><strong>Finalit\u00e9<\/strong><\/p><\/td><td width=\"201\"><p><strong>Base l\u00e9gale<\/strong><\/p><\/td><td width=\"201\"><p><strong>Dur\u00e9e de conservation<\/strong><\/p><\/td><\/tr><tr><td width=\"201\"><p>Gestion des comptes<\/p><\/td><td width=\"201\"><p>Ex\u00e9cution du Contrat<\/p><\/td><td width=\"201\"><p>Dur\u00e9e de vie du compte (jusqu\u2019\u00e0 sa r\u00e9siliation) puis archivage pendant 5 ans<\/p><\/td><\/tr><tr><td width=\"201\"><p>Gestion des demandes via le formulaire de contact<\/p><\/td><td width=\"201\"><p>Consentement<\/p><\/td><td width=\"201\"><p>3 ans \u00e0 compter de la demande.<\/p><\/td><\/tr><tr><td width=\"201\"><p>Suivi du concours Verallia Design Awards et suivi de la relation avec les laur\u00e9ats<\/p><\/td><td width=\"201\"><p>Ex\u00e9cution du Contrat<\/p><\/td><td width=\"201\"><p>Candidats : dur\u00e9e de l\u2019\u00e9dition du concours puis archivage pendant 5 ans.<\/p><p>Laur\u00e9ats :\u00a0 dur\u00e9e de l\u2019\u00e9dition du concours puis 10 ans \u00e0 compter de la date de remise des prix (et archivage pendant 5 ans).<\/p><p>Responsables p\u00e9dagogiques : dur\u00e9e de l\u2019\u00e9dition du concours puis archivage pendant 5 ans.<\/p><p>Membres du jury : dur\u00e9e de l\u2019\u00e9dition du concours puis archivage pendant 5 ans.<\/p><\/td><\/tr><tr><td width=\"201\"><p>Assurer la gestion technique et la s\u00e9curit\u00e9 du site<\/p><\/td><td width=\"201\"><p>Int\u00e9r\u00eat l\u00e9gitime<\/p><\/td><td width=\"201\"><p>12 mois, puis destruction<\/p><\/td><\/tr><tr><td width=\"201\"><p>Gestion des abonnements \u00e0 la newsletter<\/p><\/td><td width=\"201\"><p>Consentement<\/p><\/td><td width=\"201\"><p>Jusqu\u2019au retrait du consentement<\/p><\/td><\/tr><tr><td width=\"201\"><p>Statistiques et performances du site<\/p><\/td><td width=\"201\"><p>Int\u00e9r\u00eat l\u00e9gitime<\/p><\/td><td width=\"201\"><p>Dur\u00e9e n\u00e9cessaire pour la<br \/>\u00a0r\u00e9alisation de l&#8217;objectif des statistiques en question ou jusqu&#8217;\u00e0 l&#8217;exercice<br \/>\u00a0du droit d&#8217;opposition<\/p><\/td><\/tr><\/tbody><\/table><p>\u00a0<\/p><p>Les donn\u00e9es \u00e0 caract\u00e8re personnel sont conserv\u00e9es conform\u00e9ment au tableau ci-dessus. Elles sont conserv\u00e9es au-del\u00e0 de ces dur\u00e9es lorsqu\u2019une telle conservation est pr\u00e9vue par la loi ou n\u00e9cessaire pour permettre \u00e0 Verallia de g\u00e9rer les litiges et contestations.<\/p><p>Les donn\u00e9es ainsi collect\u00e9es sont trait\u00e9es par\u00a0:<\/p><ul><li>La direction commerciale et marketing de Verallia France, filiale de Verallia Packaging, pour r\u00e9pondre aux demandes d\u2019informations\u00a0;<\/li><li>Par ses sous-traitants en charge de la gestion technique du fichier clients et de l\u2019envoi des newsletters de suivi de concours\u00a0;<\/li><li>Par Verallia Packaging pour assurer la gestion technique et la s\u00e9curit\u00e9 du site.<\/li><\/ul><p>Les donn\u00e9es personnelles sont transf\u00e9r\u00e9es hors Union Europ\u00e9enne par Verallia\u00a0France pour les rendre accessibles \u00e0 ses prestataires situ\u00e9s hors Union europ\u00e9enne en charge de la gestion technique du fichier contacts et de l\u2019envoi des newsletters. Verallia France veille \u00e0 ce que les garanties appropri\u00e9es soient prises afin d\u2019encadrer ces transferts de donn\u00e9es hors Union europ\u00e9enne. Les personnes peuvent obtenir sur demande des informations compl\u00e9mentaires concernant les transferts hors Union Europ\u00e9enne.<\/p><p>Le responsable du traitement est la soci\u00e9t\u00e9 Verallia France, Direction commerciale et marketing, Tour Carpe Diem, 31 place des Corolles, 92400 Courbevoie.<\/p><p>Les visiteurs et utilisateurs concern\u00e9s b\u00e9n\u00e9ficient, \u00e0 tout moment, et selon les termes et conditions pr\u00e9vues par la r\u00e9glementation applicable, des droits d\u2019acc\u00e8s, rectification, suppression des donn\u00e9es \u00e0 caract\u00e8re personnel les concernant, du droit de retirer leur consentement au traitement de leurs donn\u00e9es personnelles, opposition, limitation et portabilit\u00e9 en contactant Verallia France aux coordonn\u00e9es suivantes\u00a0:<\/p><p>\u00a0<\/p><p>Verallia France<\/p><p>Direction commerciale et marketing<br \/>Tour Carpe Diem,<br \/>31 Place des Corolles<br \/>92400 Courbevoie<br \/>France<br \/>Tel\u00a0: + 33 (0)1 71 13 11 00<br \/>donneespersonnelles.marketing@verallia.com<\/p><p>\u00a0<\/p><p>Les visiteurs et utilisateurs concern\u00e9s disposent \u00e9galement du droit d\u2019introduire une r\u00e9clamation aupr\u00e8s de l\u2019autorit\u00e9 de contr\u00f4le comp\u00e9tente (la Commission Nationale de l\u2019Informatique et des Libert\u00e9s \u2013 la \u00ab\u00a0CNIL\u00a0\u00bb).<\/p>\t\t\t\t\t\t\t\t<\/div>\n\t\t\t\t<\/div>\n\t\t\t\t<div class=\"elementor-element elementor-element-b713dc3 elementor-widget elementor-widget-text-editor\" data-id=\"b713dc3\" data-element_type=\"widget\" data-e-type=\"widget\" data-widget_type=\"text-editor.default\">\n\t\t\t\t<div class=\"elementor-widget-container\">\n\t\t\t\t\t\t\t\t\t<h2 data-pm-slice=\"0 0 []\">Editeur<\/h2><p data-pm-slice=\"0 0 []\"><strong>Verallia France<\/strong><\/p><p>Soci\u00e9t\u00e9 par Actions Simplifi\u00e9es au capital de 34.378.708,00 Euros<br \/>R.C.S de Nanterre B 722 034 592<br \/>Place des Corolles \u2013 Esplanade Nord \u2013 Tour Carpe Diem<br \/>92400 Courbevoie<br \/>Repr\u00e9sent\u00e9e par Monsieur Patrice LUCAS<br \/>Tel : 01.71.13.10.00<\/p><p><strong>Directrice de la publication : Madame Marie-Astrid GOSS\u00c9<\/strong><\/p>\t\t\t\t\t\t\t\t<\/div>\n\t\t\t\t<\/div>\n\t\t\t\t\t<\/div>\n\t\t\t\t<\/div>\n\t\t<div class=\"elementor-element elementor-element-2fd95cc e-flex e-con-boxed e-con e-parent\" data-id=\"2fd95cc\" data-element_type=\"container\" data-e-type=\"container\">\n\t\t\t\t\t<div class=\"e-con-inner\">\n\t\t\t\t<div class=\"elementor-element elementor-element-3beeff4 elementor-widget elementor-widget-text-editor\" data-id=\"3beeff4\" data-element_type=\"widget\" data-e-type=\"widget\" data-widget_type=\"text-editor.default\">\n\t\t\t\t<div class=\"elementor-widget-container\">\n\t\t\t\t\t\t\t\t\t<h2 data-pm-slice=\"0 0 []\">H\u00e9bergeur<\/h2><p><strong>Amazon Web Services<\/strong><br \/>Amazon.com Legal Department<br \/>410 Terry Avenue North P.O. Box 81226 Seattle, WA 98108-1226 \u2013 USA<br \/>Plus d\u2019informations : <a href=\"https:\/\/aws.amazon.com\/\" target=\"_blank\" rel=\"noopener\">aws.amazon.com\/<\/a><\/p>\t\t\t\t\t\t\t\t<\/div>\n\t\t\t\t<\/div>\n\t\t\t\t<div class=\"elementor-element elementor-element-cb85350 elementor-widget elementor-widget-text-editor\" data-id=\"cb85350\" data-element_type=\"widget\" data-e-type=\"widget\" data-widget_type=\"text-editor.default\">\n\t\t\t\t<div class=\"elementor-widget-container\">\n\t\t\t\t\t\t\t\t\t<h2 data-pm-slice=\"0 0 []\">Cr\u00e9dits :<\/h2><p data-pm-slice=\"0 0 []\"><strong>Photos Cote des roses : <\/strong><a href=\"https:\/\/cote-des-roses.vin\/\">Cote des roses \/ <\/a><a href=\"https:\/\/studioarsene.com\/\">Marie Ormie\u0300res \/ <\/a><a href=\"https:\/\/alexiaroux.fr\/\">Alexia Roux<\/a><\/p><p><strong>Photos Serac : <\/strong><a href=\"https:\/\/www.algmedias.fr\/\">ALG M\u00e9dias \/ <\/a><a href=\"https:\/\/lyvwines.com\/\">LYV Wines<\/a><\/p><p><strong>Photos remise des prix :\u00a0<\/strong><a href=\"https:\/\/taupinprod.fr\/\">Veronique Taupin\u00a0<\/a><\/p><p><strong>Design et r\u00e9alisation site internet : <\/strong><a href=\"https:\/\/armstrong.space\/\">Armstrong Agency<\/a><\/p>\t\t\t\t\t\t\t\t<\/div>\n\t\t\t\t<\/div>\n\t\t\t\t\t<\/div>\n\t\t\t\t<\/div>\n\t\t\t\t<\/div>\n\t\t","protected":false},"excerpt":{"rendered":"<p>Mentions l\u00e9gales Utilisation du site Ce site a pour objet de fournir des informations sur le concours Verallia Design Awards. La soci\u00e9t\u00e9 Verallia France, propri\u00e9taire de ce site, s\u2019efforce d\u2019assurer la fiabilit\u00e9 de l\u2019ensemble des informations diffus\u00e9es sur ce site, dont elle se r\u00e9serve le droit de modifier ou de corriger, \u00e0 tout moment et [&hellip;]<\/p>\n","protected":false},"author":1,"featured_media":0,"parent":0,"menu_order":0,"comment_status":"closed","ping_status":"closed","template":"","meta":{"_acf_changed":false,"footnotes":""},"class_list":["post-61","page","type-page","status-publish","hentry"],"acf":[],"yoast_head":"<!-- This site is optimized with the Yoast SEO plugin v27.3 - https:\/\/yoast.com\/product\/yoast-seo-wordpress\/ -->\n<title>Mentions l\u00e9gales - Verallia Design Awards<\/title>\n<meta name=\"description\" content=\"Retrouvez toutes les mentions l\u00e9gales de notre site internet Verallia Design Awards\" \/>\n<meta name=\"robots\" content=\"index, follow, max-snippet:-1, max-image-preview:large, max-video-preview:-1\" \/>\n<link rel=\"canonical\" href=\"https:\/\/design.awards.verallia.fr\/fr\/mentions-legales\/\" \/>\n<meta property=\"og:locale\" content=\"fr_FR\" \/>\n<meta property=\"og:type\" content=\"article\" \/>\n<meta property=\"og:title\" content=\"Mentions l\u00e9gales - Verallia Design Awards\" \/>\n<meta property=\"og:description\" content=\"Retrouvez toutes les mentions l\u00e9gales de notre site internet Verallia Design Awards\" \/>\n<meta property=\"og:url\" content=\"https:\/\/design.awards.verallia.fr\/fr\/mentions-legales\/\" \/>\n<meta property=\"og:site_name\" content=\"Verallia Design Awards\" \/>\n<meta property=\"article:modified_time\" content=\"2023-09-18T12:14:05+00:00\" \/>\n<meta name=\"twitter:card\" content=\"summary_large_image\" \/>\n<meta name=\"twitter:label1\" content=\"Dur\u00e9e de lecture estim\u00e9e\" \/>\n\t<meta name=\"twitter:data1\" content=\"7 minutes\" \/>\n<script type=\"application\/ld+json\" class=\"yoast-schema-graph\">{\"@context\":\"https:\\\/\\\/schema.org\",\"@graph\":[{\"@type\":\"WebPage\",\"@id\":\"https:\\\/\\\/design.awards.verallia.fr\\\/fr\\\/mentions-legales\\\/\",\"url\":\"https:\\\/\\\/design.awards.verallia.fr\\\/fr\\\/mentions-legales\\\/\",\"name\":\"Mentions l\u00e9gales - Verallia Design Awards\",\"isPartOf\":{\"@id\":\"https:\\\/\\\/design.awards.verallia.fr\\\/fr\\\/#website\"},\"datePublished\":\"2023-04-11T15:29:03+00:00\",\"dateModified\":\"2023-09-18T12:14:05+00:00\",\"description\":\"Retrouvez toutes les mentions l\u00e9gales de notre site internet Verallia Design Awards\",\"breadcrumb\":{\"@id\":\"https:\\\/\\\/design.awards.verallia.fr\\\/fr\\\/mentions-legales\\\/#breadcrumb\"},\"inLanguage\":\"fr-FR\",\"potentialAction\":[{\"@type\":\"ReadAction\",\"target\":[\"https:\\\/\\\/design.awards.verallia.fr\\\/fr\\\/mentions-legales\\\/\"]}]},{\"@type\":\"BreadcrumbList\",\"@id\":\"https:\\\/\\\/design.awards.verallia.fr\\\/fr\\\/mentions-legales\\\/#breadcrumb\",\"itemListElement\":[{\"@type\":\"ListItem\",\"position\":1,\"name\":\"Accueil\",\"item\":\"https:\\\/\\\/design.awards.verallia.fr\\\/fr\\\/\"},{\"@type\":\"ListItem\",\"position\":2,\"name\":\"Mentions l\u00e9gales\"}]},{\"@type\":\"WebSite\",\"@id\":\"https:\\\/\\\/design.awards.verallia.fr\\\/fr\\\/#website\",\"url\":\"https:\\\/\\\/design.awards.verallia.fr\\\/fr\\\/\",\"name\":\"Verallia Design Awards\",\"description\":\"Verallia Design Award, le concours de design du packaging en verre\",\"publisher\":{\"@id\":\"https:\\\/\\\/design.awards.verallia.fr\\\/fr\\\/#organization\"},\"potentialAction\":[{\"@type\":\"SearchAction\",\"target\":{\"@type\":\"EntryPoint\",\"urlTemplate\":\"https:\\\/\\\/design.awards.verallia.fr\\\/fr\\\/?s={search_term_string}\"},\"query-input\":{\"@type\":\"PropertyValueSpecification\",\"valueRequired\":true,\"valueName\":\"search_term_string\"}}],\"inLanguage\":\"fr-FR\"},{\"@type\":\"Organization\",\"@id\":\"https:\\\/\\\/design.awards.verallia.fr\\\/fr\\\/#organization\",\"name\":\"Verallia Design Awards\",\"url\":\"https:\\\/\\\/design.awards.verallia.fr\\\/fr\\\/\",\"logo\":{\"@type\":\"ImageObject\",\"inLanguage\":\"fr-FR\",\"@id\":\"https:\\\/\\\/design.awards.verallia.fr\\\/fr\\\/#\\\/schema\\\/logo\\\/image\\\/\",\"url\":\"https:\\\/\\\/design.awards.verallia.fr\\\/wp-content\\\/uploads\\\/2023\\\/05\\\/logo-small.png\",\"contentUrl\":\"https:\\\/\\\/design.awards.verallia.fr\\\/wp-content\\\/uploads\\\/2023\\\/05\\\/logo-small.png\",\"width\":198,\"height\":117,\"caption\":\"Verallia Design Awards\"},\"image\":{\"@id\":\"https:\\\/\\\/design.awards.verallia.fr\\\/fr\\\/#\\\/schema\\\/logo\\\/image\\\/\"}}]}<\/script>\n<!-- \/ Yoast SEO plugin. -->","yoast_head_json":{"title":"Mentions l\u00e9gales - Verallia Design Awards","description":"Retrouvez toutes les mentions l\u00e9gales de notre site internet Verallia Design Awards","robots":{"index":"index","follow":"follow","max-snippet":"max-snippet:-1","max-image-preview":"max-image-preview:large","max-video-preview":"max-video-preview:-1"},"canonical":"https:\/\/design.awards.verallia.fr\/fr\/mentions-legales\/","og_locale":"fr_FR","og_type":"article","og_title":"Mentions l\u00e9gales - Verallia Design Awards","og_description":"Retrouvez toutes les mentions l\u00e9gales de notre site internet Verallia Design Awards","og_url":"https:\/\/design.awards.verallia.fr\/fr\/mentions-legales\/","og_site_name":"Verallia Design Awards","article_modified_time":"2023-09-18T12:14:05+00:00","twitter_card":"summary_large_image","twitter_misc":{"Dur\u00e9e de lecture estim\u00e9e":"7 minutes"},"schema":{"@context":"https:\/\/schema.org","@graph":[{"@type":"WebPage","@id":"https:\/\/design.awards.verallia.fr\/fr\/mentions-legales\/","url":"https:\/\/design.awards.verallia.fr\/fr\/mentions-legales\/","name":"Mentions l\u00e9gales - Verallia Design Awards","isPartOf":{"@id":"https:\/\/design.awards.verallia.fr\/fr\/#website"},"datePublished":"2023-04-11T15:29:03+00:00","dateModified":"2023-09-18T12:14:05+00:00","description":"Retrouvez toutes les mentions l\u00e9gales de notre site internet Verallia Design Awards","breadcrumb":{"@id":"https:\/\/design.awards.verallia.fr\/fr\/mentions-legales\/#breadcrumb"},"inLanguage":"fr-FR","potentialAction":[{"@type":"ReadAction","target":["https:\/\/design.awards.verallia.fr\/fr\/mentions-legales\/"]}]},{"@type":"BreadcrumbList","@id":"https:\/\/design.awards.verallia.fr\/fr\/mentions-legales\/#breadcrumb","itemListElement":[{"@type":"ListItem","position":1,"name":"Accueil","item":"https:\/\/design.awards.verallia.fr\/fr\/"},{"@type":"ListItem","position":2,"name":"Mentions l\u00e9gales"}]},{"@type":"WebSite","@id":"https:\/\/design.awards.verallia.fr\/fr\/#website","url":"https:\/\/design.awards.verallia.fr\/fr\/","name":"Verallia Design Awards","description":"Verallia Design Award, le concours de design du packaging en verre","publisher":{"@id":"https:\/\/design.awards.verallia.fr\/fr\/#organization"},"potentialAction":[{"@type":"SearchAction","target":{"@type":"EntryPoint","urlTemplate":"https:\/\/design.awards.verallia.fr\/fr\/?s={search_term_string}"},"query-input":{"@type":"PropertyValueSpecification","valueRequired":true,"valueName":"search_term_string"}}],"inLanguage":"fr-FR"},{"@type":"Organization","@id":"https:\/\/design.awards.verallia.fr\/fr\/#organization","name":"Verallia Design Awards","url":"https:\/\/design.awards.verallia.fr\/fr\/","logo":{"@type":"ImageObject","inLanguage":"fr-FR","@id":"https:\/\/design.awards.verallia.fr\/fr\/#\/schema\/logo\/image\/","url":"https:\/\/design.awards.verallia.fr\/wp-content\/uploads\/2023\/05\/logo-small.png","contentUrl":"https:\/\/design.awards.verallia.fr\/wp-content\/uploads\/2023\/05\/logo-small.png","width":198,"height":117,"caption":"Verallia Design Awards"},"image":{"@id":"https:\/\/design.awards.verallia.fr\/fr\/#\/schema\/logo\/image\/"}}]}},"_links":{"self":[{"href":"https:\/\/design.awards.verallia.fr\/fr\/wp-json\/wp\/v2\/pages\/61","targetHints":{"allow":["GET"]}}],"collection":[{"href":"https:\/\/design.awards.verallia.fr\/fr\/wp-json\/wp\/v2\/pages"}],"about":[{"href":"https:\/\/design.awards.verallia.fr\/fr\/wp-json\/wp\/v2\/types\/page"}],"author":[{"embeddable":true,"href":"https:\/\/design.awards.verallia.fr\/fr\/wp-json\/wp\/v2\/users\/1"}],"replies":[{"embeddable":true,"href":"https:\/\/design.awards.verallia.fr\/fr\/wp-json\/wp\/v2\/comments?post=61"}],"version-history":[{"count":5,"href":"https:\/\/design.awards.verallia.fr\/fr\/wp-json\/wp\/v2\/pages\/61\/revisions"}],"predecessor-version":[{"id":31897,"href":"https:\/\/design.awards.verallia.fr\/fr\/wp-json\/wp\/v2\/pages\/61\/revisions\/31897"}],"wp:attachment":[{"href":"https:\/\/design.awards.verallia.fr\/fr\/wp-json\/wp\/v2\/media?parent=61"}],"curies":[{"name":"wp","href":"https:\/\/api.w.org\/{rel}","templated":true}]}}